{"id":216,"date":"2023-07-04T13:56:10","date_gmt":"2023-07-04T13:56:10","guid":{"rendered":"https:\/\/gazowa.skydoo.com.pl\/?page_id=216"},"modified":"2023-10-09T14:54:05","modified_gmt":"2023-10-09T14:54:05","slug":"jak-pracujemy","status":"publish","type":"page","link":"https:\/\/gazowa.skydoo.com.pl\/?page_id=216","title":{"rendered":"Jak pracujemy"},"content":{"rendered":"\t\t<div data-elementor-type=\"wp-page\" data-elementor-id=\"216\" class=\"elementor elementor-216\" data-elementor-post-type=\"page\">\n\t\t\t\t<div class=\"elementor-element elementor-element-87ac24d e-flex e-con-boxed e-con e-parent\" data-id=\"87ac24d\" data-element_type=\"container\" data-settings=\"{&quot;background_background&quot;:&quot;classic&quot;}\">\n\t\t\t\t\t<div class=\"e-con-inner\">\n\t\t\t\t<div class=\"elementor-element elementor-element-7f823f0 elementor-widget elementor-widget-heading\" data-id=\"7f823f0\" data-element_type=\"widget\" data-widget_type=\"heading.default\">\n\t\t\t\t<div class=\"elementor-widget-container\">\n\t\t\t\t\t<h2 class=\"elementor-heading-title elementor-size-default\">Jak pracujemy<\/h2>\t\t\t\t<\/div>\n\t\t\t\t<\/div>\n\t\t\t\t\t<\/div>\n\t\t\t\t<\/div>\n\t\t<div class=\"elementor-element elementor-element-9990fc1 e-flex e-con-boxed e-con e-parent\" data-id=\"9990fc1\" data-element_type=\"container\">\n\t\t\t\t\t<div class=\"e-con-inner\">\n\t\t\t\t<div class=\"elementor-element elementor-element-81b2763 elementor-widget__width-initial elementor-position-top elementor-widget elementor-widget-image-box\" data-id=\"81b2763\" data-element_type=\"widget\" data-widget_type=\"image-box.default\">\n\t\t\t\t<div class=\"elementor-widget-container\">\n\t\t\t\t\t<div class=\"elementor-image-box-wrapper\"><figure class=\"elementor-image-box-img\"><img fetchpriority=\"high\" decoding=\"async\" width=\"424\" height=\"274\" src=\"https:\/\/gazowa.skydoo.com.pl\/wp-content\/uploads\/2023\/07\/Rectangle-25.jpg\" class=\"attachment-full size-full wp-image-219\" alt=\"\" srcset=\"https:\/\/gazowa.skydoo.com.pl\/wp-content\/uploads\/2023\/07\/Rectangle-25.jpg 424w, https:\/\/gazowa.skydoo.com.pl\/wp-content\/uploads\/2023\/07\/Rectangle-25-300x194.jpg 300w\" sizes=\"(max-width: 424px) 100vw, 424px\" \/><\/figure><div class=\"elementor-image-box-content\"><h3 class=\"elementor-image-box-title\">Przygotowywanie  rur gazowych<\/h3><\/div><\/div>\t\t\t\t<\/div>\n\t\t\t\t<\/div>\n\t\t\t\t<div class=\"elementor-element elementor-element-9d9c208 elementor-widget__width-initial elementor-position-top elementor-widget elementor-widget-image-box\" data-id=\"9d9c208\" data-element_type=\"widget\" data-widget_type=\"image-box.default\">\n\t\t\t\t<div class=\"elementor-widget-container\">\n\t\t\t\t\t<div class=\"elementor-image-box-wrapper\"><figure class=\"elementor-image-box-img\"><img decoding=\"async\" width=\"424\" height=\"274\" src=\"https:\/\/gazowa.skydoo.com.pl\/wp-content\/uploads\/2023\/07\/Rectangle-26.jpg\" class=\"attachment-full size-full wp-image-220\" alt=\"\" srcset=\"https:\/\/gazowa.skydoo.com.pl\/wp-content\/uploads\/2023\/07\/Rectangle-26.jpg 424w, https:\/\/gazowa.skydoo.com.pl\/wp-content\/uploads\/2023\/07\/Rectangle-26-300x194.jpg 300w\" sizes=\"(max-width: 424px) 100vw, 424px\" \/><\/figure><div class=\"elementor-image-box-content\"><h3 class=\"elementor-image-box-title\">Wycinanie asfaltu<\/h3><\/div><\/div>\t\t\t\t<\/div>\n\t\t\t\t<\/div>\n\t\t\t\t<div class=\"elementor-element elementor-element-a697ec2 elementor-widget__width-initial elementor-position-top elementor-widget elementor-widget-image-box\" data-id=\"a697ec2\" data-element_type=\"widget\" data-widget_type=\"image-box.default\">\n\t\t\t\t<div class=\"elementor-widget-container\">\n\t\t\t\t\t<div class=\"elementor-image-box-wrapper\"><figure class=\"elementor-image-box-img\"><img decoding=\"async\" width=\"424\" height=\"274\" src=\"https:\/\/gazowa.skydoo.com.pl\/wp-content\/uploads\/2023\/07\/Rectangle-27-1.jpg\" class=\"attachment-full size-full wp-image-222\" alt=\"\" srcset=\"https:\/\/gazowa.skydoo.com.pl\/wp-content\/uploads\/2023\/07\/Rectangle-27-1.jpg 424w, https:\/\/gazowa.skydoo.com.pl\/wp-content\/uploads\/2023\/07\/Rectangle-27-1-300x194.jpg 300w\" sizes=\"(max-width: 424px) 100vw, 424px\" \/><\/figure><div class=\"elementor-image-box-content\"><h3 class=\"elementor-image-box-title\">Rozkuwanie betonu<\/h3><\/div><\/div>\t\t\t\t<\/div>\n\t\t\t\t<\/div>\n\t\t\t\t\t<\/div>\n\t\t\t\t<\/div>\n\t\t<div class=\"elementor-element elementor-element-30ddbc1 e-flex e-con-boxed e-con e-parent\" data-id=\"30ddbc1\" data-element_type=\"container\">\n\t\t\t\t\t<div class=\"e-con-inner\">\n\t\t\t\t<div class=\"elementor-element elementor-element-f55780d elementor-widget__width-initial elementor-position-top elementor-widget elementor-widget-image-box\" data-id=\"f55780d\" data-element_type=\"widget\" data-widget_type=\"image-box.default\">\n\t\t\t\t<div class=\"elementor-widget-container\">\n\t\t\t\t\t<div class=\"elementor-image-box-wrapper\"><figure class=\"elementor-image-box-img\"><img loading=\"lazy\" decoding=\"async\" width=\"424\" height=\"274\" src=\"https:\/\/gazowa.skydoo.com.pl\/wp-content\/uploads\/2023\/07\/Rectangle-31.jpg\" class=\"attachment-full size-full wp-image-223\" alt=\"\" srcset=\"https:\/\/gazowa.skydoo.com.pl\/wp-content\/uploads\/2023\/07\/Rectangle-31.jpg 424w, https:\/\/gazowa.skydoo.com.pl\/wp-content\/uploads\/2023\/07\/Rectangle-31-300x194.jpg 300w\" sizes=\"(max-width: 424px) 100vw, 424px\" \/><\/figure><div class=\"elementor-image-box-content\"><h3 class=\"elementor-image-box-title\">Rozbieranie chodnika<\/h3><\/div><\/div>\t\t\t\t<\/div>\n\t\t\t\t<\/div>\n\t\t\t\t<div class=\"elementor-element elementor-element-9b5476b elementor-widget__width-initial elementor-position-top elementor-widget elementor-widget-image-box\" data-id=\"9b5476b\" data-element_type=\"widget\" data-widget_type=\"image-box.default\">\n\t\t\t\t<div class=\"elementor-widget-container\">\n\t\t\t\t\t<div class=\"elementor-image-box-wrapper\"><figure class=\"elementor-image-box-img\"><img loading=\"lazy\" decoding=\"async\" width=\"424\" height=\"274\" src=\"https:\/\/gazowa.skydoo.com.pl\/wp-content\/uploads\/2023\/07\/Rectangle-32-1.jpg\" class=\"attachment-full size-full wp-image-225\" alt=\"\" srcset=\"https:\/\/gazowa.skydoo.com.pl\/wp-content\/uploads\/2023\/07\/Rectangle-32-1.jpg 424w, https:\/\/gazowa.skydoo.com.pl\/wp-content\/uploads\/2023\/07\/Rectangle-32-1-300x194.jpg 300w\" sizes=\"(max-width: 424px) 100vw, 424px\" \/><\/figure><div class=\"elementor-image-box-content\"><h3 class=\"elementor-image-box-title\">Przygotowanie wykop\u00f3w<\/h3><\/div><\/div>\t\t\t\t<\/div>\n\t\t\t\t<\/div>\n\t\t\t\t<div class=\"elementor-element elementor-element-f44f993 elementor-widget__width-initial elementor-position-top elementor-widget elementor-widget-image-box\" data-id=\"f44f993\" data-element_type=\"widget\" data-widget_type=\"image-box.default\">\n\t\t\t\t<div class=\"elementor-widget-container\">\n\t\t\t\t\t<div class=\"elementor-image-box-wrapper\"><figure class=\"elementor-image-box-img\"><img loading=\"lazy\" decoding=\"async\" width=\"424\" height=\"274\" src=\"https:\/\/gazowa.skydoo.com.pl\/wp-content\/uploads\/2023\/07\/Rectangle-33.jpg\" class=\"attachment-full size-full wp-image-226\" alt=\"\" srcset=\"https:\/\/gazowa.skydoo.com.pl\/wp-content\/uploads\/2023\/07\/Rectangle-33.jpg 424w, https:\/\/gazowa.skydoo.com.pl\/wp-content\/uploads\/2023\/07\/Rectangle-33-300x194.jpg 300w\" sizes=\"(max-width: 424px) 100vw, 424px\" \/><\/figure><div class=\"elementor-image-box-content\"><h3 class=\"elementor-image-box-title\">Prace kopark\u0105<\/h3><\/div><\/div>\t\t\t\t<\/div>\n\t\t\t\t<\/div>\n\t\t\t\t\t<\/div>\n\t\t\t\t<\/div>\n\t\t<div class=\"elementor-element elementor-element-4b4d4ce e-flex e-con-boxed e-con e-parent\" data-id=\"4b4d4ce\" data-element_type=\"container\">\n\t\t\t\t\t<div class=\"e-con-inner\">\n\t\t\t\t<div class=\"elementor-element elementor-element-152e100 elementor-widget__width-initial elementor-position-top elementor-widget elementor-widget-image-box\" data-id=\"152e100\" data-element_type=\"widget\" data-widget_type=\"image-box.default\">\n\t\t\t\t<div class=\"elementor-widget-container\">\n\t\t\t\t\t<div class=\"elementor-image-box-wrapper\"><figure class=\"elementor-image-box-img\"><img loading=\"lazy\" decoding=\"async\" width=\"424\" height=\"274\" src=\"https:\/\/gazowa.skydoo.com.pl\/wp-content\/uploads\/2023\/07\/Rectangle-37.jpg\" class=\"attachment-full size-full wp-image-228\" alt=\"\" srcset=\"https:\/\/gazowa.skydoo.com.pl\/wp-content\/uploads\/2023\/07\/Rectangle-37.jpg 424w, https:\/\/gazowa.skydoo.com.pl\/wp-content\/uploads\/2023\/07\/Rectangle-37-300x194.jpg 300w\" sizes=\"(max-width: 424px) 100vw, 424px\" \/><\/figure><div class=\"elementor-image-box-content\"><h3 class=\"elementor-image-box-title\">Uk\u0142adanie rur gazowych<\/h3><\/div><\/div>\t\t\t\t<\/div>\n\t\t\t\t<\/div>\n\t\t\t\t<div class=\"elementor-element elementor-element-8e3a8fa elementor-widget__width-initial elementor-position-top elementor-widget elementor-widget-image-box\" data-id=\"8e3a8fa\" data-element_type=\"widget\" data-widget_type=\"image-box.default\">\n\t\t\t\t<div class=\"elementor-widget-container\">\n\t\t\t\t\t<div class=\"elementor-image-box-wrapper\"><figure class=\"elementor-image-box-img\"><img loading=\"lazy\" decoding=\"async\" width=\"424\" height=\"274\" src=\"https:\/\/gazowa.skydoo.com.pl\/wp-content\/uploads\/2023\/07\/Rectangle-38-1.jpg\" class=\"attachment-full size-full wp-image-230\" alt=\"\" srcset=\"https:\/\/gazowa.skydoo.com.pl\/wp-content\/uploads\/2023\/07\/Rectangle-38-1.jpg 424w, https:\/\/gazowa.skydoo.com.pl\/wp-content\/uploads\/2023\/07\/Rectangle-38-1-300x194.jpg 300w\" sizes=\"(max-width: 424px) 100vw, 424px\" \/><\/figure><div class=\"elementor-image-box-content\"><h3 class=\"elementor-image-box-title\">Transport rur gazowych<\/h3><\/div><\/div>\t\t\t\t<\/div>\n\t\t\t\t<\/div>\n\t\t\t\t<div class=\"elementor-element elementor-element-dbdb068 elementor-widget__width-initial elementor-position-top elementor-widget elementor-widget-image-box\" data-id=\"dbdb068\" data-element_type=\"widget\" data-widget_type=\"image-box.default\">\n\t\t\t\t<div class=\"elementor-widget-container\">\n\t\t\t\t\t<div class=\"elementor-image-box-wrapper\"><figure class=\"elementor-image-box-img\"><img loading=\"lazy\" decoding=\"async\" width=\"424\" height=\"274\" src=\"https:\/\/gazowa.skydoo.com.pl\/wp-content\/uploads\/2023\/07\/Rectangle-39-1.jpg\" class=\"attachment-full size-full wp-image-232\" alt=\"\" srcset=\"https:\/\/gazowa.skydoo.com.pl\/wp-content\/uploads\/2023\/07\/Rectangle-39-1.jpg 424w, https:\/\/gazowa.skydoo.com.pl\/wp-content\/uploads\/2023\/07\/Rectangle-39-1-300x194.jpg 300w\" sizes=\"(max-width: 424px) 100vw, 424px\" \/><\/figure><div class=\"elementor-image-box-content\"><h3 class=\"elementor-image-box-title\">Uk\u0142adanie rur gazowych<\/h3><\/div><\/div>\t\t\t\t<\/div>\n\t\t\t\t<\/div>\n\t\t\t\t\t<\/div>\n\t\t\t\t<\/div>\n\t\t<div class=\"elementor-element elementor-element-be6d4bc e-flex e-con-boxed e-con e-parent\" data-id=\"be6d4bc\" data-element_type=\"container\">\n\t\t\t\t\t<div class=\"e-con-inner\">\n\t\t\t\t<div class=\"elementor-element elementor-element-4a30f77 elementor-widget__width-initial elementor-position-top elementor-widget elementor-widget-image-box\" data-id=\"4a30f77\" data-element_type=\"widget\" data-widget_type=\"image-box.default\">\n\t\t\t\t<div class=\"elementor-widget-container\">\n\t\t\t\t\t<div class=\"elementor-image-box-wrapper\"><figure class=\"elementor-image-box-img\"><img loading=\"lazy\" decoding=\"async\" width=\"424\" height=\"274\" src=\"https:\/\/gazowa.skydoo.com.pl\/wp-content\/uploads\/2023\/07\/Rectangle-43.jpg\" class=\"attachment-full size-full wp-image-233\" alt=\"\" srcset=\"https:\/\/gazowa.skydoo.com.pl\/wp-content\/uploads\/2023\/07\/Rectangle-43.jpg 424w, https:\/\/gazowa.skydoo.com.pl\/wp-content\/uploads\/2023\/07\/Rectangle-43-300x194.jpg 300w\" sizes=\"(max-width: 424px) 100vw, 424px\" \/><\/figure><div class=\"elementor-image-box-content\"><h3 class=\"elementor-image-box-title\">Rozcinanie rur stalowych<\/h3><\/div><\/div>\t\t\t\t<\/div>\n\t\t\t\t<\/div>\n\t\t\t\t<div class=\"elementor-element elementor-element-6f2be73 elementor-widget__width-initial elementor-position-top elementor-widget elementor-widget-image-box\" data-id=\"6f2be73\" data-element_type=\"widget\" data-widget_type=\"image-box.default\">\n\t\t\t\t<div class=\"elementor-widget-container\">\n\t\t\t\t\t<div class=\"elementor-image-box-wrapper\"><figure class=\"elementor-image-box-img\"><img loading=\"lazy\" decoding=\"async\" width=\"424\" height=\"274\" src=\"https:\/\/gazowa.skydoo.com.pl\/wp-content\/uploads\/2023\/07\/Rectangle-44.jpg\" class=\"attachment-full size-full wp-image-234\" alt=\"\" srcset=\"https:\/\/gazowa.skydoo.com.pl\/wp-content\/uploads\/2023\/07\/Rectangle-44.jpg 424w, https:\/\/gazowa.skydoo.com.pl\/wp-content\/uploads\/2023\/07\/Rectangle-44-300x194.jpg 300w\" sizes=\"(max-width: 424px) 100vw, 424px\" \/><\/figure><div class=\"elementor-image-box-content\"><h3 class=\"elementor-image-box-title\">Rozcinanie rur stalowych c.d.<\/h3><\/div><\/div>\t\t\t\t<\/div>\n\t\t\t\t<\/div>\n\t\t\t\t<div class=\"elementor-element elementor-element-7d5f7eb elementor-widget__width-initial elementor-position-top elementor-widget elementor-widget-image-box\" data-id=\"7d5f7eb\" data-element_type=\"widget\" data-widget_type=\"image-box.default\">\n\t\t\t\t<div class=\"elementor-widget-container\">\n\t\t\t\t\t<div class=\"elementor-image-box-wrapper\"><figure class=\"elementor-image-box-img\"><img loading=\"lazy\" decoding=\"async\" width=\"424\" height=\"274\" src=\"https:\/\/gazowa.skydoo.com.pl\/wp-content\/uploads\/2023\/07\/Rectangle-45.jpg\" class=\"attachment-full size-full wp-image-235\" alt=\"\" srcset=\"https:\/\/gazowa.skydoo.com.pl\/wp-content\/uploads\/2023\/07\/Rectangle-45.jpg 424w, https:\/\/gazowa.skydoo.com.pl\/wp-content\/uploads\/2023\/07\/Rectangle-45-300x194.jpg 300w\" sizes=\"(max-width: 424px) 100vw, 424px\" \/><\/figure><div class=\"elementor-image-box-content\"><h3 class=\"elementor-image-box-title\">Przygotowanie terenu budowy<\/h3><\/div><\/div>\t\t\t\t<\/div>\n\t\t\t\t<\/div>\n\t\t\t\t\t<\/div>\n\t\t\t\t<\/div>\n\t\t<div class=\"elementor-element elementor-element-19e957b e-flex e-con-boxed e-con e-parent\" data-id=\"19e957b\" data-element_type=\"container\">\n\t\t\t\t\t<div class=\"e-con-inner\">\n\t\t\t\t<div class=\"elementor-element elementor-element-5c35028 elementor-widget__width-initial elementor-position-top elementor-widget elementor-widget-image-box\" data-id=\"5c35028\" data-element_type=\"widget\" data-widget_type=\"image-box.default\">\n\t\t\t\t<div class=\"elementor-widget-container\">\n\t\t\t\t\t<div class=\"elementor-image-box-wrapper\"><figure class=\"elementor-image-box-img\"><img loading=\"lazy\" decoding=\"async\" width=\"424\" height=\"274\" src=\"https:\/\/gazowa.skydoo.com.pl\/wp-content\/uploads\/2023\/07\/Rectangle-49-2.jpg\" class=\"attachment-full size-full wp-image-236\" alt=\"\" srcset=\"https:\/\/gazowa.skydoo.com.pl\/wp-content\/uploads\/2023\/07\/Rectangle-49-2.jpg 424w, https:\/\/gazowa.skydoo.com.pl\/wp-content\/uploads\/2023\/07\/Rectangle-49-2-300x194.jpg 300w\" sizes=\"(max-width: 424px) 100vw, 424px\" \/><\/figure><div class=\"elementor-image-box-content\"><h3 class=\"elementor-image-box-title\">Monta\u017c podej\u015bcia do budynku<\/h3><\/div><\/div>\t\t\t\t<\/div>\n\t\t\t\t<\/div>\n\t\t\t\t<div class=\"elementor-element elementor-element-ec154eb elementor-widget__width-initial elementor-position-top elementor-widget elementor-widget-image-box\" data-id=\"ec154eb\" data-element_type=\"widget\" data-widget_type=\"image-box.default\">\n\t\t\t\t<div class=\"elementor-widget-container\">\n\t\t\t\t\t<div class=\"elementor-image-box-wrapper\"><figure class=\"elementor-image-box-img\"><img loading=\"lazy\" decoding=\"async\" width=\"424\" height=\"274\" src=\"https:\/\/gazowa.skydoo.com.pl\/wp-content\/uploads\/2023\/07\/Rectangle-50.jpg\" class=\"attachment-full size-full wp-image-237\" alt=\"\" srcset=\"https:\/\/gazowa.skydoo.com.pl\/wp-content\/uploads\/2023\/07\/Rectangle-50.jpg 424w, https:\/\/gazowa.skydoo.com.pl\/wp-content\/uploads\/2023\/07\/Rectangle-50-300x194.jpg 300w\" sizes=\"(max-width: 424px) 100vw, 424px\" \/><\/figure><div class=\"elementor-image-box-content\"><h3 class=\"elementor-image-box-title\">Instalacja zasuwy<\/h3><\/div><\/div>\t\t\t\t<\/div>\n\t\t\t\t<\/div>\n\t\t\t\t<div class=\"elementor-element elementor-element-7f52679 elementor-widget__width-initial elementor-position-top elementor-widget elementor-widget-image-box\" data-id=\"7f52679\" data-element_type=\"widget\" data-widget_type=\"image-box.default\">\n\t\t\t\t<div class=\"elementor-widget-container\">\n\t\t\t\t\t<div class=\"elementor-image-box-wrapper\"><figure class=\"elementor-image-box-img\"><img loading=\"lazy\" decoding=\"async\" width=\"424\" height=\"274\" src=\"https:\/\/gazowa.skydoo.com.pl\/wp-content\/uploads\/2023\/07\/Rectangle-51-2-1.jpg\" class=\"attachment-full size-full wp-image-239\" alt=\"\" srcset=\"https:\/\/gazowa.skydoo.com.pl\/wp-content\/uploads\/2023\/07\/Rectangle-51-2-1.jpg 424w, https:\/\/gazowa.skydoo.com.pl\/wp-content\/uploads\/2023\/07\/Rectangle-51-2-1-300x194.jpg 300w\" sizes=\"(max-width: 424px) 100vw, 424px\" \/><\/figure><div class=\"elementor-image-box-content\"><h3 class=\"elementor-image-box-title\">Prace wyko\u0144czeniowe<\/h3><\/div><\/div>\t\t\t\t<\/div>\n\t\t\t\t<\/div>\n\t\t\t\t\t<\/div>\n\t\t\t\t<\/div>\n\t\t\t\t<\/div>\n\t\t","protected":false},"excerpt":{"rendered":"<p>Jak pracujemy Przygotowywanie rur gazowych Wycinanie asfaltu Rozkuwanie betonu Rozbieranie chodnika Przygotowanie wykop\u00f3w Prace kopark\u0105 Uk\u0142adanie rur gazowych Transport rur gazowych Uk\u0142adanie rur gazowych Rozcinanie rur stalowych Rozcinanie rur stalowych c.d. Przygotowanie terenu budowy Monta\u017c podej\u015bcia do budynku Instalacja zasuwy Prace wyko\u0144czeniowe<\/p>\n","protected":false},"author":1,"featured_media":0,"parent":0,"menu_order":0,"comment_status":"closed","ping_status":"closed","template":"elementor_header_footer","meta":{"footnotes":""},"class_list":["post-216","page","type-page","status-publish","hentry"],"yoast_head":"<!-- This site is optimized with the Yoast SEO plugin v25.4 - https:\/\/yoast.com\/wordpress\/plugins\/seo\/ -->\n<title>Jak pracujemy - Gazowa Sierajewski<\/title>\n<meta name=\"robots\" content=\"noindex, follow, max-snippet:-1, max-image-preview:large, max-video-preview:-1\" \/>\n<meta property=\"og:locale\" content=\"pl_PL\" \/>\n<meta property=\"og:type\" content=\"article\" \/>\n<meta property=\"og:title\" content=\"Jak pracujemy - Gazowa Sierajewski\" \/>\n<meta property=\"og:description\" content=\"Jak pracujemy Przygotowywanie rur gazowych Wycinanie asfaltu Rozkuwanie betonu Rozbieranie chodnika Przygotowanie wykop\u00f3w Prace kopark\u0105 Uk\u0142adanie rur gazowych Transport rur gazowych Uk\u0142adanie rur gazowych Rozcinanie rur stalowych Rozcinanie rur stalowych c.d. Przygotowanie terenu budowy Monta\u017c podej\u015bcia do budynku Instalacja zasuwy Prace wyko\u0144czeniowe\" \/>\n<meta property=\"og:url\" content=\"https:\/\/gazowa.skydoo.com.pl\/?page_id=216\" \/>\n<meta property=\"og:site_name\" content=\"Gazowa Sierajewski\" \/>\n<meta property=\"article:modified_time\" content=\"2023-10-09T14:54:05+00:00\" \/>\n<meta property=\"og:image\" content=\"https:\/\/gazowa.skydoo.com.pl\/wp-content\/uploads\/2023\/07\/Rectangle-25.jpg\" \/>\n<meta name=\"twitter:card\" content=\"summary_large_image\" \/>\n<script type=\"application\/ld+json\" class=\"yoast-schema-graph\">{\"@context\":\"https:\/\/schema.org\",\"@graph\":[{\"@type\":\"WebPage\",\"@id\":\"https:\/\/gazowa.skydoo.com.pl\/?page_id=216\",\"url\":\"https:\/\/gazowa.skydoo.com.pl\/?page_id=216\",\"name\":\"Jak pracujemy - Gazowa Sierajewski\",\"isPartOf\":{\"@id\":\"https:\/\/gazowa.skydoo.com.pl\/#website\"},\"primaryImageOfPage\":{\"@id\":\"https:\/\/gazowa.skydoo.com.pl\/?page_id=216#primaryimage\"},\"image\":{\"@id\":\"https:\/\/gazowa.skydoo.com.pl\/?page_id=216#primaryimage\"},\"thumbnailUrl\":\"https:\/\/gazowa.skydoo.com.pl\/wp-content\/uploads\/2023\/07\/Rectangle-25.jpg\",\"datePublished\":\"2023-07-04T13:56:10+00:00\",\"dateModified\":\"2023-10-09T14:54:05+00:00\",\"breadcrumb\":{\"@id\":\"https:\/\/gazowa.skydoo.com.pl\/?page_id=216#breadcrumb\"},\"inLanguage\":\"pl-PL\",\"potentialAction\":[{\"@type\":\"ReadAction\",\"target\":[\"https:\/\/gazowa.skydoo.com.pl\/?page_id=216\"]}]},{\"@type\":\"ImageObject\",\"inLanguage\":\"pl-PL\",\"@id\":\"https:\/\/gazowa.skydoo.com.pl\/?page_id=216#primaryimage\",\"url\":\"https:\/\/gazowa.skydoo.com.pl\/wp-content\/uploads\/2023\/07\/Rectangle-25.jpg\",\"contentUrl\":\"https:\/\/gazowa.skydoo.com.pl\/wp-content\/uploads\/2023\/07\/Rectangle-25.jpg\",\"width\":424,\"height\":274},{\"@type\":\"BreadcrumbList\",\"@id\":\"https:\/\/gazowa.skydoo.com.pl\/?page_id=216#breadcrumb\",\"itemListElement\":[{\"@type\":\"ListItem\",\"position\":1,\"name\":\"Strona g\u0142\u00f3wna\",\"item\":\"https:\/\/gazowa.skydoo.com.pl\/\"},{\"@type\":\"ListItem\",\"position\":2,\"name\":\"Jak pracujemy\"}]},{\"@type\":\"WebSite\",\"@id\":\"https:\/\/gazowa.skydoo.com.pl\/#website\",\"url\":\"https:\/\/gazowa.skydoo.com.pl\/\",\"name\":\"Gazowa Sierajewski\",\"description\":\"\",\"publisher\":{\"@id\":\"https:\/\/gazowa.skydoo.com.pl\/#organization\"},\"potentialAction\":[{\"@type\":\"SearchAction\",\"target\":{\"@type\":\"EntryPoint\",\"urlTemplate\":\"https:\/\/gazowa.skydoo.com.pl\/?s={search_term_string}\"},\"query-input\":{\"@type\":\"PropertyValueSpecification\",\"valueRequired\":true,\"valueName\":\"search_term_string\"}}],\"inLanguage\":\"pl-PL\"},{\"@type\":\"Organization\",\"@id\":\"https:\/\/gazowa.skydoo.com.pl\/#organization\",\"name\":\"Gazowa Sierajewski\",\"url\":\"https:\/\/gazowa.skydoo.com.pl\/\",\"logo\":{\"@type\":\"ImageObject\",\"inLanguage\":\"pl-PL\",\"@id\":\"https:\/\/gazowa.skydoo.com.pl\/#\/schema\/logo\/image\/\",\"url\":\"https:\/\/gazowa.skydoo.com.pl\/wp-content\/uploads\/2023\/07\/image-9.png\",\"contentUrl\":\"https:\/\/gazowa.skydoo.com.pl\/wp-content\/uploads\/2023\/07\/image-9.png\",\"width\":193,\"height\":88,\"caption\":\"Gazowa Sierajewski\"},\"image\":{\"@id\":\"https:\/\/gazowa.skydoo.com.pl\/#\/schema\/logo\/image\/\"}}]}<\/script>\n<!-- \/ Yoast SEO plugin. -->","yoast_head_json":{"title":"Jak pracujemy - Gazowa Sierajewski","robots":{"index":"noindex","follow":"follow","max-snippet":"max-snippet:-1","max-image-preview":"max-image-preview:large","max-video-preview":"max-video-preview:-1"},"og_locale":"pl_PL","og_type":"article","og_title":"Jak pracujemy - Gazowa Sierajewski","og_description":"Jak pracujemy Przygotowywanie rur gazowych Wycinanie asfaltu Rozkuwanie betonu Rozbieranie chodnika Przygotowanie wykop\u00f3w Prace kopark\u0105 Uk\u0142adanie rur gazowych Transport rur gazowych Uk\u0142adanie rur gazowych Rozcinanie rur stalowych Rozcinanie rur stalowych c.d. Przygotowanie terenu budowy Monta\u017c podej\u015bcia do budynku Instalacja zasuwy Prace wyko\u0144czeniowe","og_url":"https:\/\/gazowa.skydoo.com.pl\/?page_id=216","og_site_name":"Gazowa Sierajewski","article_modified_time":"2023-10-09T14:54:05+00:00","og_image":[{"url":"https:\/\/gazowa.skydoo.com.pl\/wp-content\/uploads\/2023\/07\/Rectangle-25.jpg","type":"","width":"","height":""}],"twitter_card":"summary_large_image","schema":{"@context":"https:\/\/schema.org","@graph":[{"@type":"WebPage","@id":"https:\/\/gazowa.skydoo.com.pl\/?page_id=216","url":"https:\/\/gazowa.skydoo.com.pl\/?page_id=216","name":"Jak pracujemy - Gazowa Sierajewski","isPartOf":{"@id":"https:\/\/gazowa.skydoo.com.pl\/#website"},"primaryImageOfPage":{"@id":"https:\/\/gazowa.skydoo.com.pl\/?page_id=216#primaryimage"},"image":{"@id":"https:\/\/gazowa.skydoo.com.pl\/?page_id=216#primaryimage"},"thumbnailUrl":"https:\/\/gazowa.skydoo.com.pl\/wp-content\/uploads\/2023\/07\/Rectangle-25.jpg","datePublished":"2023-07-04T13:56:10+00:00","dateModified":"2023-10-09T14:54:05+00:00","breadcrumb":{"@id":"https:\/\/gazowa.skydoo.com.pl\/?page_id=216#breadcrumb"},"inLanguage":"pl-PL","potentialAction":[{"@type":"ReadAction","target":["https:\/\/gazowa.skydoo.com.pl\/?page_id=216"]}]},{"@type":"ImageObject","inLanguage":"pl-PL","@id":"https:\/\/gazowa.skydoo.com.pl\/?page_id=216#primaryimage","url":"https:\/\/gazowa.skydoo.com.pl\/wp-content\/uploads\/2023\/07\/Rectangle-25.jpg","contentUrl":"https:\/\/gazowa.skydoo.com.pl\/wp-content\/uploads\/2023\/07\/Rectangle-25.jpg","width":424,"height":274},{"@type":"BreadcrumbList","@id":"https:\/\/gazowa.skydoo.com.pl\/?page_id=216#breadcrumb","itemListElement":[{"@type":"ListItem","position":1,"name":"Strona g\u0142\u00f3wna","item":"https:\/\/gazowa.skydoo.com.pl\/"},{"@type":"ListItem","position":2,"name":"Jak pracujemy"}]},{"@type":"WebSite","@id":"https:\/\/gazowa.skydoo.com.pl\/#website","url":"https:\/\/gazowa.skydoo.com.pl\/","name":"Gazowa Sierajewski","description":"","publisher":{"@id":"https:\/\/gazowa.skydoo.com.pl\/#organization"},"potentialAction":[{"@type":"SearchAction","target":{"@type":"EntryPoint","urlTemplate":"https:\/\/gazowa.skydoo.com.pl\/?s={search_term_string}"},"query-input":{"@type":"PropertyValueSpecification","valueRequired":true,"valueName":"search_term_string"}}],"inLanguage":"pl-PL"},{"@type":"Organization","@id":"https:\/\/gazowa.skydoo.com.pl\/#organization","name":"Gazowa Sierajewski","url":"https:\/\/gazowa.skydoo.com.pl\/","logo":{"@type":"ImageObject","inLanguage":"pl-PL","@id":"https:\/\/gazowa.skydoo.com.pl\/#\/schema\/logo\/image\/","url":"https:\/\/gazowa.skydoo.com.pl\/wp-content\/uploads\/2023\/07\/image-9.png","contentUrl":"https:\/\/gazowa.skydoo.com.pl\/wp-content\/uploads\/2023\/07\/image-9.png","width":193,"height":88,"caption":"Gazowa Sierajewski"},"image":{"@id":"https:\/\/gazowa.skydoo.com.pl\/#\/schema\/logo\/image\/"}}]}},"_links":{"self":[{"href":"https:\/\/gazowa.skydoo.com.pl\/index.php?rest_route=\/wp\/v2\/pages\/216","targetHints":{"allow":["GET"]}}],"collection":[{"href":"https:\/\/gazowa.skydoo.com.pl\/index.php?rest_route=\/wp\/v2\/pages"}],"about":[{"href":"https:\/\/gazowa.skydoo.com.pl\/index.php?rest_route=\/wp\/v2\/types\/page"}],"author":[{"embeddable":true,"href":"https:\/\/gazowa.skydoo.com.pl\/index.php?rest_route=\/wp\/v2\/users\/1"}],"replies":[{"embeddable":true,"href":"https:\/\/gazowa.skydoo.com.pl\/index.php?rest_route=%2Fwp%2Fv2%2Fcomments&post=216"}],"version-history":[{"count":7,"href":"https:\/\/gazowa.skydoo.com.pl\/index.php?rest_route=\/wp\/v2\/pages\/216\/revisions"}],"predecessor-version":[{"id":291,"href":"https:\/\/gazowa.skydoo.com.pl\/index.php?rest_route=\/wp\/v2\/pages\/216\/revisions\/291"}],"wp:attachment":[{"href":"https:\/\/gazowa.skydoo.com.pl\/index.php?rest_route=%2Fwp%2Fv2%2Fmedia&parent=216"}],"curies":[{"name":"wp","href":"https:\/\/api.w.org\/{rel}","templated":true}]}}