{"id":206,"date":"2023-07-04T13:48:47","date_gmt":"2023-07-04T13:48:47","guid":{"rendered":"https:\/\/gazowa.skydoo.com.pl\/?page_id=206"},"modified":"2023-10-09T14:52:13","modified_gmt":"2023-10-09T14:52:13","slug":"uslugi-specjalistyczne","status":"publish","type":"page","link":"https:\/\/gazowa.skydoo.com.pl\/?page_id=206","title":{"rendered":"Us\u0142ugi specjalistyczne"},"content":{"rendered":"\t\t<div data-elementor-type=\"wp-page\" data-elementor-id=\"206\" class=\"elementor elementor-206\" data-elementor-post-type=\"page\">\n\t\t\t\t<div class=\"elementor-element elementor-element-87ac24d e-flex e-con-boxed e-con e-parent\" data-id=\"87ac24d\" data-element_type=\"container\" data-settings=\"{&quot;background_background&quot;:&quot;classic&quot;}\">\n\t\t\t\t\t<div class=\"e-con-inner\">\n\t\t\t\t<div class=\"elementor-element elementor-element-7f823f0 elementor-widget elementor-widget-heading\" data-id=\"7f823f0\" data-element_type=\"widget\" data-widget_type=\"heading.default\">\n\t\t\t\t<div class=\"elementor-widget-container\">\n\t\t\t\t\t<h2 class=\"elementor-heading-title elementor-size-default\">Us\u0142ugi specjalistyczne<\/h2>\t\t\t\t<\/div>\n\t\t\t\t<\/div>\n\t\t\t\t<div class=\"elementor-element elementor-element-d462bc2 elementor-widget elementor-widget-text-editor\" data-id=\"d462bc2\" data-element_type=\"widget\" data-widget_type=\"text-editor.default\">\n\t\t\t\t<div class=\"elementor-widget-container\">\n\t\t\t\t\t\t\t\t\t<p>Przy\u0142\u0105czem gazowym okre\u015blany jest odcinek instalacji od gazoci\u0105gu do armatury odcinaj\u0105cej. Jego g\u0142\u00f3wnym celem jest doprowadzenie gazu do nieruchomo\u015bci przy zapewnieniu maksymalnego poziomu bezpiecze\u0144stwa.<\/p>\t\t\t\t\t\t\t\t<\/div>\n\t\t\t\t<\/div>\n\t\t\t\t\t<\/div>\n\t\t\t\t<\/div>\n\t\t<div class=\"elementor-element elementor-element-e279207 e-flex e-con-boxed e-con e-parent\" data-id=\"e279207\" data-element_type=\"container\">\n\t\t\t\t\t<div class=\"e-con-inner\">\n\t\t\t\t<div class=\"elementor-element elementor-element-23b0f6e elementor-widget elementor-widget-heading\" data-id=\"23b0f6e\" data-element_type=\"widget\" data-widget_type=\"heading.default\">\n\t\t\t\t<div class=\"elementor-widget-container\">\n\t\t\t\t\t<h2 class=\"elementor-heading-title elementor-size-default\">Us\u0142ugi specjalistyczne \u015bwiadczymy tam, gdzie ko\u0144cz\u0105 si\u0119 mo\u017cliwo\u015bci u\u017cycia tradycyjnych rozwi\u0105za\u0144.<\/h2>\t\t\t\t<\/div>\n\t\t\t\t<\/div>\n\t\t\t\t<div class=\"elementor-element elementor-element-3f98084 elementor-widget elementor-widget-heading\" data-id=\"3f98084\" data-element_type=\"widget\" data-widget_type=\"heading.default\">\n\t\t\t\t<div class=\"elementor-widget-container\">\n\t\t\t\t\t<h2 class=\"elementor-heading-title elementor-size-default\">Przebudowa sieci gazowej<\/h2>\t\t\t\t<\/div>\n\t\t\t\t<\/div>\n\t\t\t\t<div class=\"elementor-element elementor-element-f91eaeb text elementor-widget elementor-widget-text-editor\" data-id=\"f91eaeb\" data-element_type=\"widget\" data-widget_type=\"text-editor.default\">\n\t\t\t\t<div class=\"elementor-widget-container\">\n\t\t\t\t\t\t\t\t\t<p>Us\u0142ugi specjalistyczne \u015bwiadczymy tam, gdzie ko\u0144cz\u0105 si\u0119 mo\u017cliwo\u015bci u\u017cycia tradycyjnych rozwi\u0105za\u0144. Jeste\u015bmy elastyczni, mamy w\u0142asny sprz\u0119t i wykwalifikowanych pracownik\u00f3w. Dzi\u0119ki temu mo\u017cemy dzia\u0142a\u0107 szybko i skutecznie.<br \/><br \/><span style=\"text-decoration: underline;\">Us\u0142ugi specjalistyczne, kt\u00f3re wykonujemy to:<\/span><\/p><ul><li>Spawalnictwo<\/li><li>Technologie bezwykopowe jak przeciski i przewierty<\/li><li>Relining \u2013 metoda przebudowy sieci gazowej polegaj\u0105ca na wprowadzeniu do istniej\u0105cego starego gazoci\u0105gu nowego, w pe\u0142ni funkcjonalnego przewodu gazowego<\/li><li>Pr\u00f3by szczelno\u015bci wykonywane detektorem nieszczelno\u015bci instalacji gazowych<\/li><\/ul><p><br \/><br \/><span style=\"text-decoration: underline;\">Przeciski, przewierty, &#8222;krety&#8221;<\/span><br \/>Przeciski to inaczej bezwykopowe przej\u015bcia pod drogami, rzekami, torami. Technologi\u0119 przeciskow\u0105 stosuje si\u0119 wsz\u0119dzie tam, gdzie trzeba przeprowadzi\u0107 instalacj\u0119 bez naruszania nawierzchni. Jest to idealne rozwi\u0105zanie gdy nie ma mo\u017cliwo\u015bci rozkopania nawierzchni.<br \/><strong>Przeciski stosuje si\u0119 w sytuacjach, gdy:<\/strong><\/p><ul><li>Nie ma czasu na tradycyjne rozwi\u0105zania i rozkopywanie nawierzchni.<\/li><li>Nie chcemy lub nie mo\u017cemy niszczy\u0107 nawierzchni, np. pod ogrodem.<\/li><li>Trzeba przeprowadzi\u0107 instalacj\u0119 gazow\u0105 pod chodnikiem, jezdni\u0105, parkiem, kana\u0142em wodnym, torami tramwajowymi czy kolejowymi.<\/li><li>Praca odbywa si\u0119 w trudnych warunkach, np. w b\u0142ocie czy wodzie.<\/li><\/ul><p><br \/><strong>Wszelkie prace przeciskowe wykonuj\u0105 do\u015bwiadczeni pracownicy z przy u\u017cyciu najwy\u017cszej jako\u015bci sprz\u0119tu technicznego i materia\u0142\u00f3w.<\/strong><br \/><br \/><span style=\"text-decoration: underline;\">Metoda Relining<\/span><br \/><strong>Rozr\u00f3\u017cniamy 3 odmiany Reliningu:<\/strong><\/p><ul><li><strong>Relining ci\u0105g\u00f3w rurowych<\/strong> &#8211; gdy wprowadzana rura jest d\u0142u\u017csza ni\u017c d\u0142ugo\u015b\u0107 wykopu startowego.<\/li><li><strong>Relining rur d\u0142ugich<\/strong> &#8211; rura wprowadzana jest kr\u00f3tsza ni\u017c wykop startowy i dopiero w wykopie startowym odbywa si\u0119 \u0142\u0105czenie rur metod\u0105 zgrzewania doczo\u0142owego.<\/li><li><strong>Relining rur kr\u00f3tkich<\/strong> &#8211; w naprawian\u0105 rur\u0119 wprowadza si\u0119 pojedyncze kr\u00f3tkie modu\u0142y. \u0141\u0105czenia rur dokonuje si\u0119 w niewielkim wykopie. \u0141\u0105czenie modu\u0142\u00f3w odbywa si\u0119 przy pomocy zgrzewania. Po wprowadzeniu nowej rury przestrze\u0144 mi\u0119dzy wewn\u0119trzn\u0105 \u015bciank\u0105 istniej\u0105cego i zewn\u0119trzn\u0105 \u015bciank\u0105 nowo wpro\u00adwadzonego ruroci\u0105gu mo\u017ce by\u0107 wype\u0142\u00adniona wype\u0142niaczem.<\/li><\/ul><p><br \/><strong>Zastosowanie<\/strong><br \/>Metoda Reliningu mo\u017ce by\u0107 stosowana w przypadku wszystkich \u015brednic rur. Maksymalna \u015brednica zewn\u0119trzna nowej rury uwarunkowana jest przez \u015brednic\u0119 wewn\u0119trzn\u0105 istniej\u0105cej rury. Metoda ta wykorzystuje zwykle rury PE i stalowe. Wyb\u00f3r konkretnej odmiany metody Reliningu okre\u015blaj\u0105 warunki terenowe i wymagania techniczne dotycz\u0105ce nowej rury.<br \/><strong>Zalety metody Reliningu:<\/strong><\/p><ul><li>Renowacja nie powoduje zak\u0142\u00f3ce\u0144 w ruchu pojazd\u00f3w i pieszych.<\/li><li>Nie wp\u0142ywa negatywnie na \u015brodo\u00adwisko naturalne.<\/li><li>Montowane t\u0105 metod\u0105 przewody to nowoczesne rury.<\/li><li>Niskie koszty stosowania metody Relingu, dzi\u0119ki kr\u00f3tkiemu okresowi monta\u017cu i niewielkim nak\u0142adom pracy w wykopach otwartych.<\/li><\/ul><p>\u00a0<\/p>\t\t\t\t\t\t\t\t<\/div>\n\t\t\t\t<\/div>\n\t\t\t\t\t<\/div>\n\t\t\t\t<\/div>\n\t\t\t\t<\/div>\n\t\t","protected":false},"excerpt":{"rendered":"<p>Us\u0142ugi specjalistyczne Przy\u0142\u0105czem gazowym okre\u015blany jest odcinek instalacji od gazoci\u0105gu do armatury odcinaj\u0105cej. Jego g\u0142\u00f3wnym celem jest doprowadzenie gazu do nieruchomo\u015bci przy zapewnieniu maksymalnego poziomu bezpiecze\u0144stwa. Us\u0142ugi specjalistyczne \u015bwiadczymy tam, gdzie ko\u0144cz\u0105 si\u0119 mo\u017cliwo\u015bci u\u017cycia tradycyjnych rozwi\u0105za\u0144. Przebudowa sieci gazowej Us\u0142ugi specjalistyczne \u015bwiadczymy tam, gdzie ko\u0144cz\u0105 si\u0119 mo\u017cliwo\u015bci u\u017cycia tradycyjnych rozwi\u0105za\u0144. Jeste\u015bmy elastyczni, mamy w\u0142asny [&hellip;]<\/p>\n","protected":false},"author":1,"featured_media":0,"parent":0,"menu_order":0,"comment_status":"closed","ping_status":"closed","template":"elementor_header_footer","meta":{"footnotes":""},"class_list":["post-206","page","type-page","status-publish","hentry"],"yoast_head":"<!-- This site is optimized with the Yoast SEO plugin v25.4 - https:\/\/yoast.com\/wordpress\/plugins\/seo\/ -->\n<title>Us\u0142ugi specjalistyczne - Gazowa Sierajewski<\/title>\n<meta name=\"robots\" content=\"noindex, follow, max-snippet:-1, max-image-preview:large, max-video-preview:-1\" \/>\n<meta property=\"og:locale\" content=\"pl_PL\" \/>\n<meta property=\"og:type\" content=\"article\" \/>\n<meta property=\"og:title\" content=\"Us\u0142ugi specjalistyczne - Gazowa Sierajewski\" \/>\n<meta property=\"og:description\" content=\"Us\u0142ugi specjalistyczne Przy\u0142\u0105czem gazowym okre\u015blany jest odcinek instalacji od gazoci\u0105gu do armatury odcinaj\u0105cej. Jego g\u0142\u00f3wnym celem jest doprowadzenie gazu do nieruchomo\u015bci przy zapewnieniu maksymalnego poziomu bezpiecze\u0144stwa. Us\u0142ugi specjalistyczne \u015bwiadczymy tam, gdzie ko\u0144cz\u0105 si\u0119 mo\u017cliwo\u015bci u\u017cycia tradycyjnych rozwi\u0105za\u0144. Przebudowa sieci gazowej Us\u0142ugi specjalistyczne \u015bwiadczymy tam, gdzie ko\u0144cz\u0105 si\u0119 mo\u017cliwo\u015bci u\u017cycia tradycyjnych rozwi\u0105za\u0144. Jeste\u015bmy elastyczni, mamy w\u0142asny [&hellip;]\" \/>\n<meta property=\"og:url\" content=\"https:\/\/gazowa.skydoo.com.pl\/?page_id=206\" \/>\n<meta property=\"og:site_name\" content=\"Gazowa Sierajewski\" \/>\n<meta property=\"article:modified_time\" content=\"2023-10-09T14:52:13+00:00\" \/>\n<meta name=\"twitter:card\" content=\"summary_large_image\" \/>\n<meta name=\"twitter:label1\" content=\"Szacowany czas czytania\" \/>\n\t<meta name=\"twitter:data1\" content=\"2 minuty\" \/>\n<script type=\"application\/ld+json\" class=\"yoast-schema-graph\">{\"@context\":\"https:\/\/schema.org\",\"@graph\":[{\"@type\":\"WebPage\",\"@id\":\"https:\/\/gazowa.skydoo.com.pl\/?page_id=206\",\"url\":\"https:\/\/gazowa.skydoo.com.pl\/?page_id=206\",\"name\":\"Us\u0142ugi specjalistyczne - Gazowa Sierajewski\",\"isPartOf\":{\"@id\":\"https:\/\/gazowa.skydoo.com.pl\/#website\"},\"datePublished\":\"2023-07-04T13:48:47+00:00\",\"dateModified\":\"2023-10-09T14:52:13+00:00\",\"breadcrumb\":{\"@id\":\"https:\/\/gazowa.skydoo.com.pl\/?page_id=206#breadcrumb\"},\"inLanguage\":\"pl-PL\",\"potentialAction\":[{\"@type\":\"ReadAction\",\"target\":[\"https:\/\/gazowa.skydoo.com.pl\/?page_id=206\"]}]},{\"@type\":\"BreadcrumbList\",\"@id\":\"https:\/\/gazowa.skydoo.com.pl\/?page_id=206#breadcrumb\",\"itemListElement\":[{\"@type\":\"ListItem\",\"position\":1,\"name\":\"Strona g\u0142\u00f3wna\",\"item\":\"https:\/\/gazowa.skydoo.com.pl\/\"},{\"@type\":\"ListItem\",\"position\":2,\"name\":\"Us\u0142ugi specjalistyczne\"}]},{\"@type\":\"WebSite\",\"@id\":\"https:\/\/gazowa.skydoo.com.pl\/#website\",\"url\":\"https:\/\/gazowa.skydoo.com.pl\/\",\"name\":\"Gazowa Sierajewski\",\"description\":\"\",\"publisher\":{\"@id\":\"https:\/\/gazowa.skydoo.com.pl\/#organization\"},\"potentialAction\":[{\"@type\":\"SearchAction\",\"target\":{\"@type\":\"EntryPoint\",\"urlTemplate\":\"https:\/\/gazowa.skydoo.com.pl\/?s={search_term_string}\"},\"query-input\":{\"@type\":\"PropertyValueSpecification\",\"valueRequired\":true,\"valueName\":\"search_term_string\"}}],\"inLanguage\":\"pl-PL\"},{\"@type\":\"Organization\",\"@id\":\"https:\/\/gazowa.skydoo.com.pl\/#organization\",\"name\":\"Gazowa Sierajewski\",\"url\":\"https:\/\/gazowa.skydoo.com.pl\/\",\"logo\":{\"@type\":\"ImageObject\",\"inLanguage\":\"pl-PL\",\"@id\":\"https:\/\/gazowa.skydoo.com.pl\/#\/schema\/logo\/image\/\",\"url\":\"https:\/\/gazowa.skydoo.com.pl\/wp-content\/uploads\/2023\/07\/image-9.png\",\"contentUrl\":\"https:\/\/gazowa.skydoo.com.pl\/wp-content\/uploads\/2023\/07\/image-9.png\",\"width\":193,\"height\":88,\"caption\":\"Gazowa Sierajewski\"},\"image\":{\"@id\":\"https:\/\/gazowa.skydoo.com.pl\/#\/schema\/logo\/image\/\"}}]}<\/script>\n<!-- \/ Yoast SEO plugin. -->","yoast_head_json":{"title":"Us\u0142ugi specjalistyczne - Gazowa Sierajewski","robots":{"index":"noindex","follow":"follow","max-snippet":"max-snippet:-1","max-image-preview":"max-image-preview:large","max-video-preview":"max-video-preview:-1"},"og_locale":"pl_PL","og_type":"article","og_title":"Us\u0142ugi specjalistyczne - Gazowa Sierajewski","og_description":"Us\u0142ugi specjalistyczne Przy\u0142\u0105czem gazowym okre\u015blany jest odcinek instalacji od gazoci\u0105gu do armatury odcinaj\u0105cej. Jego g\u0142\u00f3wnym celem jest doprowadzenie gazu do nieruchomo\u015bci przy zapewnieniu maksymalnego poziomu bezpiecze\u0144stwa. Us\u0142ugi specjalistyczne \u015bwiadczymy tam, gdzie ko\u0144cz\u0105 si\u0119 mo\u017cliwo\u015bci u\u017cycia tradycyjnych rozwi\u0105za\u0144. Przebudowa sieci gazowej Us\u0142ugi specjalistyczne \u015bwiadczymy tam, gdzie ko\u0144cz\u0105 si\u0119 mo\u017cliwo\u015bci u\u017cycia tradycyjnych rozwi\u0105za\u0144. Jeste\u015bmy elastyczni, mamy w\u0142asny [&hellip;]","og_url":"https:\/\/gazowa.skydoo.com.pl\/?page_id=206","og_site_name":"Gazowa Sierajewski","article_modified_time":"2023-10-09T14:52:13+00:00","twitter_card":"summary_large_image","twitter_misc":{"Szacowany czas czytania":"2 minuty"},"schema":{"@context":"https:\/\/schema.org","@graph":[{"@type":"WebPage","@id":"https:\/\/gazowa.skydoo.com.pl\/?page_id=206","url":"https:\/\/gazowa.skydoo.com.pl\/?page_id=206","name":"Us\u0142ugi specjalistyczne - Gazowa Sierajewski","isPartOf":{"@id":"https:\/\/gazowa.skydoo.com.pl\/#website"},"datePublished":"2023-07-04T13:48:47+00:00","dateModified":"2023-10-09T14:52:13+00:00","breadcrumb":{"@id":"https:\/\/gazowa.skydoo.com.pl\/?page_id=206#breadcrumb"},"inLanguage":"pl-PL","potentialAction":[{"@type":"ReadAction","target":["https:\/\/gazowa.skydoo.com.pl\/?page_id=206"]}]},{"@type":"BreadcrumbList","@id":"https:\/\/gazowa.skydoo.com.pl\/?page_id=206#breadcrumb","itemListElement":[{"@type":"ListItem","position":1,"name":"Strona g\u0142\u00f3wna","item":"https:\/\/gazowa.skydoo.com.pl\/"},{"@type":"ListItem","position":2,"name":"Us\u0142ugi specjalistyczne"}]},{"@type":"WebSite","@id":"https:\/\/gazowa.skydoo.com.pl\/#website","url":"https:\/\/gazowa.skydoo.com.pl\/","name":"Gazowa Sierajewski","description":"","publisher":{"@id":"https:\/\/gazowa.skydoo.com.pl\/#organization"},"potentialAction":[{"@type":"SearchAction","target":{"@type":"EntryPoint","urlTemplate":"https:\/\/gazowa.skydoo.com.pl\/?s={search_term_string}"},"query-input":{"@type":"PropertyValueSpecification","valueRequired":true,"valueName":"search_term_string"}}],"inLanguage":"pl-PL"},{"@type":"Organization","@id":"https:\/\/gazowa.skydoo.com.pl\/#organization","name":"Gazowa Sierajewski","url":"https:\/\/gazowa.skydoo.com.pl\/","logo":{"@type":"ImageObject","inLanguage":"pl-PL","@id":"https:\/\/gazowa.skydoo.com.pl\/#\/schema\/logo\/image\/","url":"https:\/\/gazowa.skydoo.com.pl\/wp-content\/uploads\/2023\/07\/image-9.png","contentUrl":"https:\/\/gazowa.skydoo.com.pl\/wp-content\/uploads\/2023\/07\/image-9.png","width":193,"height":88,"caption":"Gazowa Sierajewski"},"image":{"@id":"https:\/\/gazowa.skydoo.com.pl\/#\/schema\/logo\/image\/"}}]}},"_links":{"self":[{"href":"https:\/\/gazowa.skydoo.com.pl\/index.php?rest_route=\/wp\/v2\/pages\/206","targetHints":{"allow":["GET"]}}],"collection":[{"href":"https:\/\/gazowa.skydoo.com.pl\/index.php?rest_route=\/wp\/v2\/pages"}],"about":[{"href":"https:\/\/gazowa.skydoo.com.pl\/index.php?rest_route=\/wp\/v2\/types\/page"}],"author":[{"embeddable":true,"href":"https:\/\/gazowa.skydoo.com.pl\/index.php?rest_route=\/wp\/v2\/users\/1"}],"replies":[{"embeddable":true,"href":"https:\/\/gazowa.skydoo.com.pl\/index.php?rest_route=%2Fwp%2Fv2%2Fcomments&post=206"}],"version-history":[{"count":10,"href":"https:\/\/gazowa.skydoo.com.pl\/index.php?rest_route=\/wp\/v2\/pages\/206\/revisions"}],"predecessor-version":[{"id":287,"href":"https:\/\/gazowa.skydoo.com.pl\/index.php?rest_route=\/wp\/v2\/pages\/206\/revisions\/287"}],"wp:attachment":[{"href":"https:\/\/gazowa.skydoo.com.pl\/index.php?rest_route=%2Fwp%2Fv2%2Fmedia&parent=206"}],"curies":[{"name":"wp","href":"https:\/\/api.w.org\/{rel}","templated":true}]}}