{"id":197,"date":"2023-07-04T13:43:07","date_gmt":"2023-07-04T13:43:07","guid":{"rendered":"https:\/\/gazowa.skydoo.com.pl\/?page_id=197"},"modified":"2023-10-09T14:51:37","modified_gmt":"2023-10-09T14:51:37","slug":"oferta-dla-domu","status":"publish","type":"page","link":"https:\/\/gazowa.skydoo.com.pl\/?page_id=197","title":{"rendered":"Oferta dla Domu"},"content":{"rendered":"\t\t<div data-elementor-type=\"wp-page\" data-elementor-id=\"197\" class=\"elementor elementor-197\" data-elementor-post-type=\"page\">\n\t\t\t\t<div class=\"elementor-element elementor-element-87ac24d e-flex e-con-boxed e-con e-parent\" data-id=\"87ac24d\" data-element_type=\"container\" data-settings=\"{&quot;background_background&quot;:&quot;classic&quot;}\">\n\t\t\t\t\t<div class=\"e-con-inner\">\n\t\t\t\t<div class=\"elementor-element elementor-element-7f823f0 elementor-widget elementor-widget-heading\" data-id=\"7f823f0\" data-element_type=\"widget\" data-widget_type=\"heading.default\">\n\t\t\t\t<div class=\"elementor-widget-container\">\n\t\t\t\t\t<h2 class=\"elementor-heading-title elementor-size-default\">Oferta dla Domu<\/h2>\t\t\t\t<\/div>\n\t\t\t\t<\/div>\n\t\t\t\t<div class=\"elementor-element elementor-element-d462bc2 elementor-widget elementor-widget-text-editor\" data-id=\"d462bc2\" data-element_type=\"widget\" data-widget_type=\"text-editor.default\">\n\t\t\t\t<div class=\"elementor-widget-container\">\n\t\t\t\t\t\t\t\t\t<p>Instalacja gazowa jest niezwykle wa\u017cna. Jej projekt instalacji gazowej musi by\u0107 wykonany przez osob\u0119 z odpowiednimi uprawnieniami, a tak\u017ce by\u0107 zgodny z wymaganiami stawianymi przez dostawc\u0119 gazu. St\u0105d te\u017c tak wa\u017cne jest, by realizacj\u0119 projektu zleci\u0107 najlepszym. Nasza firma od lat specjalizuje si\u0119 w doprowadzaniu gazu do budynk\u00f3w. Dowiedz si\u0119, dlaczego warto skorzysta\u0107 z naszych us\u0142ug<\/p>\t\t\t\t\t\t\t\t<\/div>\n\t\t\t\t<\/div>\n\t\t\t\t\t<\/div>\n\t\t\t\t<\/div>\n\t\t<div class=\"elementor-element elementor-element-e279207 e-flex e-con-boxed e-con e-parent\" data-id=\"e279207\" data-element_type=\"container\">\n\t\t\t\t\t<div class=\"e-con-inner\">\n\t\t\t\t<div class=\"elementor-element elementor-element-23b0f6e elementor-widget elementor-widget-heading\" data-id=\"23b0f6e\" data-element_type=\"widget\" data-widget_type=\"heading.default\">\n\t\t\t\t<div class=\"elementor-widget-container\">\n\t\t\t\t\t<h2 class=\"elementor-heading-title elementor-size-default\">Budowa domu to bardzo z\u0142o\u017cony proces. Trzeba zna\u0107 si\u0119 na wszystkim.<\/h2>\t\t\t\t<\/div>\n\t\t\t\t<\/div>\n\t\t\t\t<div class=\"elementor-element elementor-element-3f98084 elementor-widget elementor-widget-heading\" data-id=\"3f98084\" data-element_type=\"widget\" data-widget_type=\"heading.default\">\n\t\t\t\t<div class=\"elementor-widget-container\">\n\t\t\t\t\t<h2 class=\"elementor-heading-title elementor-size-default\">Podczas budowy domu przyda si\u0119 <br>do\u015bwiadczenie specjalist\u00f3w<\/h2>\t\t\t\t<\/div>\n\t\t\t\t<\/div>\n\t\t\t\t<div class=\"elementor-element elementor-element-f91eaeb elementor-widget elementor-widget-text-editor\" data-id=\"f91eaeb\" data-element_type=\"widget\" data-widget_type=\"text-editor.default\">\n\t\t\t\t<div class=\"elementor-widget-container\">\n\t\t\t\t\t\t\t\t\t<p>Warunkiem bezpiecznego dzia\u0142ania instalacji gazowej w budynku jest jej prawid\u0142owe wykonanie,zgodne z prawem budowlanym. Instalacj\u0119 gazow\u0105 mo\u017ce wykona\u0107 jedynie osoba posiadaj\u0105ca specjalistyczne uprawnienia budowlane.<br \/><br \/><strong>Instalacja wewn\u0119trzna<\/strong> domu (czyli cz\u0119\u015b\u0107 od szafki gazowej do domu i wewn\u0105trz budynku a\u017c do odbiornik\u00f3w gazowych np. kuchenki gazowej, pieca gazowego, itp.), wymaga przygotowania odpowiedniej dokumentacji projektowej oraz uzyskania w\u0142a\u015bciwej decyzji pozwolenia na budow\u0119.<br \/><br \/>Dodatkowo wszystkie te czynno\u015bci wymagaj\u0105 r\u00f3wnie\u017c odpowiedniego zaplanowania w czasie, tak aby instalacja gazowa zbieg\u0142a si\u0119 z planowanym terminem wykonania <strong>przy\u0142\u0105cza gazowego<\/strong> (czyli elementu sieci gazowej doprowadzaj\u0105cego gaz od gazoci\u0105gu bazowego do szafki gazowej).<br \/>25-letnie do\u015bwiadczenie w bran\u017cy gazowniczej pozwala nam doskonale rozumie\u0107 specyfik\u0119 wykonywania instalacji gazowych dla dom\u00f3w jedno i wielorodzinnych. Nasza wiedza pomo\u017ce Pa\u0144stwu przebrn\u0105\u0107 przez skomplikowany proces doprowadzenia gazu do budynku.<br \/><br \/>Zobacz tak\u017ce jak dokona\u0107 <span style=\"text-decoration: underline;\">sprawdzanie szczelno\u015bci instalacji gazowej<\/span> oraz kto mo\u017ce je wykona\u0107.<\/p>\t\t\t\t\t\t\t\t<\/div>\n\t\t\t\t<\/div>\n\t\t\t\t\t<\/div>\n\t\t\t\t<\/div>\n\t\t\t\t<\/div>\n\t\t","protected":false},"excerpt":{"rendered":"<p>Oferta dla Domu Instalacja gazowa jest niezwykle wa\u017cna. Jej projekt instalacji gazowej musi by\u0107 wykonany przez osob\u0119 z odpowiednimi uprawnieniami, a tak\u017ce by\u0107 zgodny z wymaganiami stawianymi przez dostawc\u0119 gazu. St\u0105d te\u017c tak wa\u017cne jest, by realizacj\u0119 projektu zleci\u0107 najlepszym. Nasza firma od lat specjalizuje si\u0119 w doprowadzaniu gazu do budynk\u00f3w. Dowiedz si\u0119, dlaczego warto [&hellip;]<\/p>\n","protected":false},"author":1,"featured_media":0,"parent":0,"menu_order":0,"comment_status":"closed","ping_status":"closed","template":"elementor_header_footer","meta":{"footnotes":""},"class_list":["post-197","page","type-page","status-publish","hentry"],"yoast_head":"<!-- This site is optimized with the Yoast SEO plugin v25.4 - https:\/\/yoast.com\/wordpress\/plugins\/seo\/ -->\n<title>Oferta dla Domu - Gazowa Sierajewski<\/title>\n<meta name=\"robots\" content=\"noindex, follow, max-snippet:-1, max-image-preview:large, max-video-preview:-1\" \/>\n<meta property=\"og:locale\" content=\"pl_PL\" \/>\n<meta property=\"og:type\" content=\"article\" \/>\n<meta property=\"og:title\" content=\"Oferta dla Domu - Gazowa Sierajewski\" \/>\n<meta property=\"og:description\" content=\"Oferta dla Domu Instalacja gazowa jest niezwykle wa\u017cna. Jej projekt instalacji gazowej musi by\u0107 wykonany przez osob\u0119 z odpowiednimi uprawnieniami, a tak\u017ce by\u0107 zgodny z wymaganiami stawianymi przez dostawc\u0119 gazu. St\u0105d te\u017c tak wa\u017cne jest, by realizacj\u0119 projektu zleci\u0107 najlepszym. Nasza firma od lat specjalizuje si\u0119 w doprowadzaniu gazu do budynk\u00f3w. Dowiedz si\u0119, dlaczego warto [&hellip;]\" \/>\n<meta property=\"og:url\" content=\"https:\/\/gazowa.skydoo.com.pl\/?page_id=197\" \/>\n<meta property=\"og:site_name\" content=\"Gazowa Sierajewski\" \/>\n<meta property=\"article:modified_time\" content=\"2023-10-09T14:51:37+00:00\" \/>\n<meta name=\"twitter:card\" content=\"summary_large_image\" \/>\n<meta name=\"twitter:label1\" content=\"Szacowany czas czytania\" \/>\n\t<meta name=\"twitter:data1\" content=\"1 minuta\" \/>\n<script type=\"application\/ld+json\" class=\"yoast-schema-graph\">{\"@context\":\"https:\/\/schema.org\",\"@graph\":[{\"@type\":\"WebPage\",\"@id\":\"https:\/\/gazowa.skydoo.com.pl\/?page_id=197\",\"url\":\"https:\/\/gazowa.skydoo.com.pl\/?page_id=197\",\"name\":\"Oferta dla Domu - Gazowa Sierajewski\",\"isPartOf\":{\"@id\":\"https:\/\/gazowa.skydoo.com.pl\/#website\"},\"datePublished\":\"2023-07-04T13:43:07+00:00\",\"dateModified\":\"2023-10-09T14:51:37+00:00\",\"breadcrumb\":{\"@id\":\"https:\/\/gazowa.skydoo.com.pl\/?page_id=197#breadcrumb\"},\"inLanguage\":\"pl-PL\",\"potentialAction\":[{\"@type\":\"ReadAction\",\"target\":[\"https:\/\/gazowa.skydoo.com.pl\/?page_id=197\"]}]},{\"@type\":\"BreadcrumbList\",\"@id\":\"https:\/\/gazowa.skydoo.com.pl\/?page_id=197#breadcrumb\",\"itemListElement\":[{\"@type\":\"ListItem\",\"position\":1,\"name\":\"Strona g\u0142\u00f3wna\",\"item\":\"https:\/\/gazowa.skydoo.com.pl\/\"},{\"@type\":\"ListItem\",\"position\":2,\"name\":\"Oferta dla Domu\"}]},{\"@type\":\"WebSite\",\"@id\":\"https:\/\/gazowa.skydoo.com.pl\/#website\",\"url\":\"https:\/\/gazowa.skydoo.com.pl\/\",\"name\":\"Gazowa Sierajewski\",\"description\":\"\",\"publisher\":{\"@id\":\"https:\/\/gazowa.skydoo.com.pl\/#organization\"},\"potentialAction\":[{\"@type\":\"SearchAction\",\"target\":{\"@type\":\"EntryPoint\",\"urlTemplate\":\"https:\/\/gazowa.skydoo.com.pl\/?s={search_term_string}\"},\"query-input\":{\"@type\":\"PropertyValueSpecification\",\"valueRequired\":true,\"valueName\":\"search_term_string\"}}],\"inLanguage\":\"pl-PL\"},{\"@type\":\"Organization\",\"@id\":\"https:\/\/gazowa.skydoo.com.pl\/#organization\",\"name\":\"Gazowa Sierajewski\",\"url\":\"https:\/\/gazowa.skydoo.com.pl\/\",\"logo\":{\"@type\":\"ImageObject\",\"inLanguage\":\"pl-PL\",\"@id\":\"https:\/\/gazowa.skydoo.com.pl\/#\/schema\/logo\/image\/\",\"url\":\"https:\/\/gazowa.skydoo.com.pl\/wp-content\/uploads\/2023\/07\/image-9.png\",\"contentUrl\":\"https:\/\/gazowa.skydoo.com.pl\/wp-content\/uploads\/2023\/07\/image-9.png\",\"width\":193,\"height\":88,\"caption\":\"Gazowa Sierajewski\"},\"image\":{\"@id\":\"https:\/\/gazowa.skydoo.com.pl\/#\/schema\/logo\/image\/\"}}]}<\/script>\n<!-- \/ Yoast SEO plugin. -->","yoast_head_json":{"title":"Oferta dla Domu - Gazowa Sierajewski","robots":{"index":"noindex","follow":"follow","max-snippet":"max-snippet:-1","max-image-preview":"max-image-preview:large","max-video-preview":"max-video-preview:-1"},"og_locale":"pl_PL","og_type":"article","og_title":"Oferta dla Domu - Gazowa Sierajewski","og_description":"Oferta dla Domu Instalacja gazowa jest niezwykle wa\u017cna. Jej projekt instalacji gazowej musi by\u0107 wykonany przez osob\u0119 z odpowiednimi uprawnieniami, a tak\u017ce by\u0107 zgodny z wymaganiami stawianymi przez dostawc\u0119 gazu. St\u0105d te\u017c tak wa\u017cne jest, by realizacj\u0119 projektu zleci\u0107 najlepszym. Nasza firma od lat specjalizuje si\u0119 w doprowadzaniu gazu do budynk\u00f3w. Dowiedz si\u0119, dlaczego warto [&hellip;]","og_url":"https:\/\/gazowa.skydoo.com.pl\/?page_id=197","og_site_name":"Gazowa Sierajewski","article_modified_time":"2023-10-09T14:51:37+00:00","twitter_card":"summary_large_image","twitter_misc":{"Szacowany czas czytania":"1 minuta"},"schema":{"@context":"https:\/\/schema.org","@graph":[{"@type":"WebPage","@id":"https:\/\/gazowa.skydoo.com.pl\/?page_id=197","url":"https:\/\/gazowa.skydoo.com.pl\/?page_id=197","name":"Oferta dla Domu - Gazowa Sierajewski","isPartOf":{"@id":"https:\/\/gazowa.skydoo.com.pl\/#website"},"datePublished":"2023-07-04T13:43:07+00:00","dateModified":"2023-10-09T14:51:37+00:00","breadcrumb":{"@id":"https:\/\/gazowa.skydoo.com.pl\/?page_id=197#breadcrumb"},"inLanguage":"pl-PL","potentialAction":[{"@type":"ReadAction","target":["https:\/\/gazowa.skydoo.com.pl\/?page_id=197"]}]},{"@type":"BreadcrumbList","@id":"https:\/\/gazowa.skydoo.com.pl\/?page_id=197#breadcrumb","itemListElement":[{"@type":"ListItem","position":1,"name":"Strona g\u0142\u00f3wna","item":"https:\/\/gazowa.skydoo.com.pl\/"},{"@type":"ListItem","position":2,"name":"Oferta dla Domu"}]},{"@type":"WebSite","@id":"https:\/\/gazowa.skydoo.com.pl\/#website","url":"https:\/\/gazowa.skydoo.com.pl\/","name":"Gazowa Sierajewski","description":"","publisher":{"@id":"https:\/\/gazowa.skydoo.com.pl\/#organization"},"potentialAction":[{"@type":"SearchAction","target":{"@type":"EntryPoint","urlTemplate":"https:\/\/gazowa.skydoo.com.pl\/?s={search_term_string}"},"query-input":{"@type":"PropertyValueSpecification","valueRequired":true,"valueName":"search_term_string"}}],"inLanguage":"pl-PL"},{"@type":"Organization","@id":"https:\/\/gazowa.skydoo.com.pl\/#organization","name":"Gazowa Sierajewski","url":"https:\/\/gazowa.skydoo.com.pl\/","logo":{"@type":"ImageObject","inLanguage":"pl-PL","@id":"https:\/\/gazowa.skydoo.com.pl\/#\/schema\/logo\/image\/","url":"https:\/\/gazowa.skydoo.com.pl\/wp-content\/uploads\/2023\/07\/image-9.png","contentUrl":"https:\/\/gazowa.skydoo.com.pl\/wp-content\/uploads\/2023\/07\/image-9.png","width":193,"height":88,"caption":"Gazowa Sierajewski"},"image":{"@id":"https:\/\/gazowa.skydoo.com.pl\/#\/schema\/logo\/image\/"}}]}},"_links":{"self":[{"href":"https:\/\/gazowa.skydoo.com.pl\/index.php?rest_route=\/wp\/v2\/pages\/197","targetHints":{"allow":["GET"]}}],"collection":[{"href":"https:\/\/gazowa.skydoo.com.pl\/index.php?rest_route=\/wp\/v2\/pages"}],"about":[{"href":"https:\/\/gazowa.skydoo.com.pl\/index.php?rest_route=\/wp\/v2\/types\/page"}],"author":[{"embeddable":true,"href":"https:\/\/gazowa.skydoo.com.pl\/index.php?rest_route=\/wp\/v2\/users\/1"}],"replies":[{"embeddable":true,"href":"https:\/\/gazowa.skydoo.com.pl\/index.php?rest_route=%2Fwp%2Fv2%2Fcomments&post=197"}],"version-history":[{"count":10,"href":"https:\/\/gazowa.skydoo.com.pl\/index.php?rest_route=\/wp\/v2\/pages\/197\/revisions"}],"predecessor-version":[{"id":284,"href":"https:\/\/gazowa.skydoo.com.pl\/index.php?rest_route=\/wp\/v2\/pages\/197\/revisions\/284"}],"wp:attachment":[{"href":"https:\/\/gazowa.skydoo.com.pl\/index.php?rest_route=%2Fwp%2Fv2%2Fmedia&parent=197"}],"curies":[{"name":"wp","href":"https:\/\/api.w.org\/{rel}","templated":true}]}}