{"id":187,"date":"2023-07-04T13:32:40","date_gmt":"2023-07-04T13:32:40","guid":{"rendered":"https:\/\/gazowa.skydoo.com.pl\/?page_id=187"},"modified":"2023-10-09T14:50:47","modified_gmt":"2023-10-09T14:50:47","slug":"oferta-dla-deweloperow","status":"publish","type":"page","link":"https:\/\/gazowa.skydoo.com.pl\/?page_id=187","title":{"rendered":"Oferta dla Deweloper\u00f3w"},"content":{"rendered":"\t\t<div data-elementor-type=\"wp-page\" data-elementor-id=\"187\" class=\"elementor elementor-187\" data-elementor-post-type=\"page\">\n\t\t\t\t<div class=\"elementor-element elementor-element-87ac24d e-flex e-con-boxed e-con e-parent\" data-id=\"87ac24d\" data-element_type=\"container\" data-settings=\"{&quot;background_background&quot;:&quot;classic&quot;}\">\n\t\t\t\t\t<div class=\"e-con-inner\">\n\t\t\t\t<div class=\"elementor-element elementor-element-7f823f0 elementor-widget elementor-widget-heading\" data-id=\"7f823f0\" data-element_type=\"widget\" data-widget_type=\"heading.default\">\n\t\t\t\t<div class=\"elementor-widget-container\">\n\t\t\t\t\t<h2 class=\"elementor-heading-title elementor-size-default\">Oferta dla Deweloper\u00f3w<\/h2>\t\t\t\t<\/div>\n\t\t\t\t<\/div>\n\t\t\t\t<div class=\"elementor-element elementor-element-d462bc2 elementor-widget elementor-widget-text-editor\" data-id=\"d462bc2\" data-element_type=\"widget\" data-widget_type=\"text-editor.default\">\n\t\t\t\t<div class=\"elementor-widget-container\">\n\t\t\t\t\t\t\t\t\t<p>Instalacja gazowa jest niezwykle wa\u017cna. Jej projekt instalacji gazowej musi by\u0107 wykonany przez osob\u0119 z odpowiednimi uprawnieniami, a tak\u017ce by\u0107 zgodny z wymaganiami stawianymi przez dostawc\u0119 gazu. St\u0105d te\u017c tak wa\u017cne jest, by realizacj\u0119 projektu zleci\u0107 najlepszym. Nasza firma od lat specjalizuje si\u0119 w doprowadzaniu gazu do budynk\u00f3w. Dowiedz si\u0119, dlaczego warto skorzysta\u0107 z naszych us\u0142ug<\/p>\t\t\t\t\t\t\t\t<\/div>\n\t\t\t\t<\/div>\n\t\t\t\t\t<\/div>\n\t\t\t\t<\/div>\n\t\t<div class=\"elementor-element elementor-element-e279207 e-flex e-con-boxed e-con e-parent\" data-id=\"e279207\" data-element_type=\"container\">\n\t\t\t\t\t<div class=\"e-con-inner\">\n\t\t\t\t<div class=\"elementor-element elementor-element-23b0f6e elementor-widget elementor-widget-heading\" data-id=\"23b0f6e\" data-element_type=\"widget\" data-widget_type=\"heading.default\">\n\t\t\t\t<div class=\"elementor-widget-container\">\n\t\t\t\t\t<h2 class=\"elementor-heading-title elementor-size-default\">Nasz\u0105 specjalizacj\u0105 jest kompleksowa realizacja inwestycji<\/h2>\t\t\t\t<\/div>\n\t\t\t\t<\/div>\n\t\t\t\t<div class=\"elementor-element elementor-element-3f98084 elementor-widget elementor-widget-heading\" data-id=\"3f98084\" data-element_type=\"widget\" data-widget_type=\"heading.default\">\n\t\t\t\t<div class=\"elementor-widget-container\">\n\t\t\t\t\t<h2 class=\"elementor-heading-title elementor-size-default\">Projektowanie instalacji<br> gazowej powierz najlepszym<\/h2>\t\t\t\t<\/div>\n\t\t\t\t<\/div>\n\t\t\t\t<div class=\"elementor-element elementor-element-f91eaeb elementor-widget elementor-widget-text-editor\" data-id=\"f91eaeb\" data-element_type=\"widget\" data-widget_type=\"text-editor.default\">\n\t\t\t\t<div class=\"elementor-widget-container\">\n\t\t\t\t\t\t\t\t\t<p>Instalacja gazowa jest niezwykle wa\u017cna. Jej projekt instalacji gazowej musi by\u0107 wykonany przez osob\u0119 z odpowiednimi uprawnieniami, a tak\u017ce by\u0107 zgodny z wymaganiami stawianymi przez dostawc\u0119 gazu. St\u0105d te\u017c tak wa\u017cne jest, by realizacj\u0119 projektu zleci\u0107 najlepszym. Nasza firma od lat specjalizuje si\u0119 w doprowadzaniu gazu do budynk\u00f3w. Dowiedz si\u0119, dlaczego warto skorzysta\u0107 z naszych us\u0142ug.<br \/><br \/><strong>Kompleksowa oferta Dzia\u0142amy kompleksowo<\/strong><br \/>Zdajemy sobie spraw\u0119 z tego, \u017ce sie\u0107 gazow\u0105 trzeba wykona\u0107 starannie. Konieczne jest spe\u0142nienie wielu wymog\u00f3w formalnych. Projektowanie instalacji gazowej to dopiero pocz\u0105tek. Sie\u0107 musi by\u0107 zamontowana zgodnie ze sztuk\u0105 budowlan\u0105. Niezb\u0119dne jest wykonanie pr\u00f3by szczelno\u015bci. Protok\u00f3\u0142 z jej realizacji musi by\u0107 przekazany inwestorowi. Potrzebne jest tak\u017ce o\u015bwiadczenie kierownika budowy na temat zgodno\u015bci zamontowanej instalacji z projektem. Taki dokument mo\u017ce podpisa\u0107 tylko osoba z odpowiednimi uprawnieniami budowlanymi. Jak wida\u0107, monta\u017c i modernizacja sieci gazowej to bardzo skomplikowany proces. Nie ma w tym niczego dziwnego. Tu chodzi o bezpiecze\u0144stwo u\u017cytkownik\u00f3w.Nasza firma od lat specjalizuje si\u0119 w doprowadzaniu gazu do budynk\u00f3w prywatnych, komercyjnych, jak i u\u017cytku publicznego. Wyr\u00f3\u017cnia nas to, \u017ce pomagamy praktycznie na ka\u017cdym etapie. W zakres naszych prac wchodzi nie tylko projektowanie instalacji gazowej, ale tak\u017ce wykonawstwo. W razie potrzeby prowadzimy nadz\u00f3r inwestycyjny. Pomagamy tak\u017ce w uzyskaniu potrzebnych decyzji, a tak\u017ce dokumentacji. Dzi\u0119ki temu nie musisz wsp\u00f3\u0142pracowa\u0107 z kilkoma firmami, przez co zyskujesz znacznie wi\u0119cej czasu. To bardzo wygodne rozwi\u0105zanie.<br \/><br \/><strong>Fachowe doradztwo<\/strong><br \/>Projektowanie instalacji gazowej jest z\u0142o\u017conym procesem. Trzeba uwzgl\u0119dni\u0107 w nim wiele czynnik\u00f3w, jak np. rodzaj paliwa, ilo\u015b\u0107 i rozmieszczenie urz\u0105dze\u0144 gazowych, lokalizacja gazomierza itp. Zanim podejmiemy si\u0119 wykonania projektu, staramy si\u0119 pozna\u0107 twoje potrzeby i oczekiwania. W ko\u0144cu to ty b\u0119dziesz korzysta\u0142 z sieci gazowniczej. St\u0105d te prezentujemy r\u00f3\u017cne warianty i przedstawiamy ich wady i zalety. Chcemy, by u\u017cytkownicy byli zadowoleni i mogli korzysta\u0107 z zastosowanych rozwi\u0105za\u0144 przez wiele lat.<br \/><br \/><strong>Instalacje gazowe powierz fachowcom<\/strong><br \/>Jeste\u015bmy specjalistami, a nasze przedsi\u0119biorstwo jest jednym z najbardziej rozpoznawalnych na lokalnym rynku. Wsp\u00f3\u0142pracujemy z powa\u017cnymi partnerami, jak np. Polsk\u0105 Sp\u00f3\u0142k\u0105 Gazownictwa.<br \/><br \/><strong>Dbamy o jako\u015b\u0107 \u015bwiadczonych prac, a potwierdzeniem tego s\u0105 zdobyte certyfikaty, szkolenia i inne dokumenty, jak np.:<\/strong><\/p><ul><li>certyfikat PN-EN ISO9001\/2009 wydany przez Polsk\u0105 Akademi\u0119 Jako\u015bci Cert Sp. z o. o. w zakresie projektowania, budowy i modernizacji sieci gazowych<\/li><li>za\u015bwiadczenie o uko\u0144czonym szkoleniu pod nazw\u0105 \u201eOrganizacja rob\u00f3t miejskich w infrastrukturze miejskiej\u201d<\/li><li>za\u015bwiadczenie o wpisie do Polskiej Izby In\u017cynier\u00f3w Budownictwa.<\/li><\/ul><p><br \/><br \/>Mamy te\u017c wszelkie potrzebne uprawnienia. Dzi\u0119ki temu wykonawstwo i projektowanie instalacji gazowej jest realizowane na bardzo wysokim poziomie. Na rynku dzia\u0142amy od 1985 r. Tak ogromne do\u015bwiadczenie sprawia, \u017ce radzimy sobie ze skomplikowanymi instalacjami gazowymi, kt\u00f3re wymagaj\u0105 niestandardowych rozwi\u0105za\u0144. Ponadto dysponujemy zapleczem logistycznym. U\u017cywamy solidnych sprz\u0119t\u00f3w, kt\u00f3re sprawiaj\u0105, \u017ce prace wykonujemy szybko i profesjonalnie. Stosujemy nowoczesne metody, np. bezwykopowe przeciski i przewierty. Je\u015bli konieczna jest modernizacja instalacji gazowej wykorzystujemy w tym celu relining, kt\u00f3ry polega na wprowadzeniu do starego gazoci\u0105gu nowego przewodu gazowego. Jeste\u015b zainteresowany nasz\u0105 ofert\u0105? Skontaktuj si\u0119.<br \/><br \/>Ofert\u0105 dla deweloper\u00f3w obj\u0119li\u015bmy projekty i wykonawstwo: gazoci\u0105g\u00f3w i sieci przesy\u0142owych, przy\u0142\u0105czyi instalacji gazowych oraz realizacj\u0119 specjalistycznych technologii bezwykopowych (przecisk\u00f3w i przewiert\u00f3w sterowanych HDD), us\u0142ug serwisowych, remontowych i awaryjnych.Po latach zdobytych do\u015bwiadcze\u0144 oraz dzi\u0119ki odpowiedniemu zapleczu technicznemu, realizujemy nawet bardzo skopmlikowane projekty w trudnych warunkach miejskiej zabudowy.Dzia\u0142amy na terenie ca\u0142ego wojew\u00f3dztwa mazowieckiego.<\/p>\t\t\t\t\t\t\t\t<\/div>\n\t\t\t\t<\/div>\n\t\t\t\t\t<\/div>\n\t\t\t\t<\/div>\n\t\t<div class=\"elementor-element elementor-element-fedb8d7 e-flex e-con-boxed e-con e-parent\" data-id=\"fedb8d7\" data-element_type=\"container\">\n\t\t\t\t\t<div class=\"e-con-inner\">\n\t\t\t\t<div class=\"elementor-element elementor-element-ed7d8d7 elementor-widget elementor-widget-heading\" data-id=\"ed7d8d7\" data-element_type=\"widget\" data-widget_type=\"heading.default\">\n\t\t\t\t<div class=\"elementor-widget-container\">\n\t\t\t\t\t<h2 class=\"elementor-heading-title elementor-size-default\">Oferta dla deweloper\u00f3w to mi\u0119dzy innymi:<\/h2>\t\t\t\t<\/div>\n\t\t\t\t<\/div>\n\t\t\t\t\t<\/div>\n\t\t\t\t<\/div>\n\t\t<div class=\"elementor-element elementor-element-931957f e-flex e-con-boxed e-con e-parent\" data-id=\"931957f\" data-element_type=\"container\">\n\t\t\t\t\t<div class=\"e-con-inner\">\n\t\t\t\t<div class=\"elementor-element elementor-element-ff8927d elementor-widget__width-initial link-title elementor-widget elementor-widget-heading\" data-id=\"ff8927d\" data-element_type=\"widget\" data-widget_type=\"heading.default\">\n\t\t\t\t<div class=\"elementor-widget-container\">\n\t\t\t\t\t<h2 class=\"elementor-heading-title elementor-size-default\">Sieci \nprzesy\u0142owe<\/h2>\t\t\t\t<\/div>\n\t\t\t\t<\/div>\n\t\t\t\t<div class=\"elementor-element elementor-element-b666e3b elementor-widget__width-initial link-title elementor-widget elementor-widget-heading\" data-id=\"b666e3b\" data-element_type=\"widget\" data-widget_type=\"heading.default\">\n\t\t\t\t<div class=\"elementor-widget-container\">\n\t\t\t\t\t<h2 class=\"elementor-heading-title elementor-size-default\">Gazoci\u0105gi \ni przy\u0142\u0105cza gazowe<\/h2>\t\t\t\t<\/div>\n\t\t\t\t<\/div>\n\t\t\t\t<div class=\"elementor-element elementor-element-5becf22 elementor-widget__width-initial link-title elementor-widget elementor-widget-heading\" data-id=\"5becf22\" data-element_type=\"widget\" data-widget_type=\"heading.default\">\n\t\t\t\t<div class=\"elementor-widget-container\">\n\t\t\t\t\t<h2 class=\"elementor-heading-title elementor-size-default\">Instalacje gazowe<\/h2>\t\t\t\t<\/div>\n\t\t\t\t<\/div>\n\t\t\t\t<div class=\"elementor-element elementor-element-90bc9ef elementor-widget__width-initial link-title elementor-widget elementor-widget-heading\" data-id=\"90bc9ef\" data-element_type=\"widget\" data-widget_type=\"heading.default\">\n\t\t\t\t<div class=\"elementor-widget-container\">\n\t\t\t\t\t<h2 class=\"elementor-heading-title elementor-size-default\">Punkty i stacje \nredukcyjno-pomiarowe<\/h2>\t\t\t\t<\/div>\n\t\t\t\t<\/div>\n\t\t\t\t\t<\/div>\n\t\t\t\t<\/div>\n\t\t<div class=\"elementor-element elementor-element-4494f4f e-flex e-con-boxed e-con e-parent\" data-id=\"4494f4f\" data-element_type=\"container\">\n\t\t\t\t\t<div class=\"e-con-inner\">\n\t\t\t\t<div class=\"elementor-element elementor-element-68021c9 elementor-widget elementor-widget-text-editor\" data-id=\"68021c9\" data-element_type=\"widget\" data-widget_type=\"text-editor.default\">\n\t\t\t\t<div class=\"elementor-widget-container\">\n\t\t\t\t\t\t\t\t\t<p><strong>Wykonujemy tak\u017ce inne prace w zakresie serwisowania i konserwacji instalacji gazowej:<\/strong><\/p><ul><li>pr\u00f3ba szczelno\u015bci instalacji gazowej<\/li><li>przebudowa sieci gazowej<\/li><li>budowa instalacji gazowej w domach jednorodzinnych<\/li><li>sprawdzanie szczelno\u015bci instalacji gazowej<\/li><li>protok\u00f3\u0142 szczelno\u015bci instalacji gazowej<\/li><\/ul><p>\u00a0<\/p>\t\t\t\t\t\t\t\t<\/div>\n\t\t\t\t<\/div>\n\t\t\t\t\t<\/div>\n\t\t\t\t<\/div>\n\t\t\t\t<\/div>\n\t\t","protected":false},"excerpt":{"rendered":"<p>Oferta dla Deweloper\u00f3w Instalacja gazowa jest niezwykle wa\u017cna. Jej projekt instalacji gazowej musi by\u0107 wykonany przez osob\u0119 z odpowiednimi uprawnieniami, a tak\u017ce by\u0107 zgodny z wymaganiami stawianymi przez dostawc\u0119 gazu. St\u0105d te\u017c tak wa\u017cne jest, by realizacj\u0119 projektu zleci\u0107 najlepszym. Nasza firma od lat specjalizuje si\u0119 w doprowadzaniu gazu do budynk\u00f3w. Dowiedz si\u0119, dlaczego warto [&hellip;]<\/p>\n","protected":false},"author":1,"featured_media":0,"parent":0,"menu_order":0,"comment_status":"closed","ping_status":"closed","template":"elementor_header_footer","meta":{"footnotes":""},"class_list":["post-187","page","type-page","status-publish","hentry"],"yoast_head":"<!-- This site is optimized with the Yoast SEO plugin v25.4 - https:\/\/yoast.com\/wordpress\/plugins\/seo\/ -->\n<title>Oferta dla Deweloper\u00f3w - Gazowa Sierajewski<\/title>\n<meta name=\"robots\" content=\"noindex, follow, max-snippet:-1, max-image-preview:large, max-video-preview:-1\" \/>\n<meta property=\"og:locale\" content=\"pl_PL\" \/>\n<meta property=\"og:type\" content=\"article\" \/>\n<meta property=\"og:title\" content=\"Oferta dla Deweloper\u00f3w - Gazowa Sierajewski\" \/>\n<meta property=\"og:description\" content=\"Oferta dla Deweloper\u00f3w Instalacja gazowa jest niezwykle wa\u017cna. Jej projekt instalacji gazowej musi by\u0107 wykonany przez osob\u0119 z odpowiednimi uprawnieniami, a tak\u017ce by\u0107 zgodny z wymaganiami stawianymi przez dostawc\u0119 gazu. St\u0105d te\u017c tak wa\u017cne jest, by realizacj\u0119 projektu zleci\u0107 najlepszym. Nasza firma od lat specjalizuje si\u0119 w doprowadzaniu gazu do budynk\u00f3w. Dowiedz si\u0119, dlaczego warto [&hellip;]\" \/>\n<meta property=\"og:url\" content=\"https:\/\/gazowa.skydoo.com.pl\/?page_id=187\" \/>\n<meta property=\"og:site_name\" content=\"Gazowa Sierajewski\" \/>\n<meta property=\"article:modified_time\" content=\"2023-10-09T14:50:47+00:00\" \/>\n<meta name=\"twitter:card\" content=\"summary_large_image\" \/>\n<meta name=\"twitter:label1\" content=\"Szacowany czas czytania\" \/>\n\t<meta name=\"twitter:data1\" content=\"4 minuty\" \/>\n<script type=\"application\/ld+json\" class=\"yoast-schema-graph\">{\"@context\":\"https:\/\/schema.org\",\"@graph\":[{\"@type\":\"WebPage\",\"@id\":\"https:\/\/gazowa.skydoo.com.pl\/?page_id=187\",\"url\":\"https:\/\/gazowa.skydoo.com.pl\/?page_id=187\",\"name\":\"Oferta dla Deweloper\u00f3w - Gazowa Sierajewski\",\"isPartOf\":{\"@id\":\"https:\/\/gazowa.skydoo.com.pl\/#website\"},\"datePublished\":\"2023-07-04T13:32:40+00:00\",\"dateModified\":\"2023-10-09T14:50:47+00:00\",\"breadcrumb\":{\"@id\":\"https:\/\/gazowa.skydoo.com.pl\/?page_id=187#breadcrumb\"},\"inLanguage\":\"pl-PL\",\"potentialAction\":[{\"@type\":\"ReadAction\",\"target\":[\"https:\/\/gazowa.skydoo.com.pl\/?page_id=187\"]}]},{\"@type\":\"BreadcrumbList\",\"@id\":\"https:\/\/gazowa.skydoo.com.pl\/?page_id=187#breadcrumb\",\"itemListElement\":[{\"@type\":\"ListItem\",\"position\":1,\"name\":\"Strona g\u0142\u00f3wna\",\"item\":\"https:\/\/gazowa.skydoo.com.pl\/\"},{\"@type\":\"ListItem\",\"position\":2,\"name\":\"Oferta dla Deweloper\u00f3w\"}]},{\"@type\":\"WebSite\",\"@id\":\"https:\/\/gazowa.skydoo.com.pl\/#website\",\"url\":\"https:\/\/gazowa.skydoo.com.pl\/\",\"name\":\"Gazowa Sierajewski\",\"description\":\"\",\"publisher\":{\"@id\":\"https:\/\/gazowa.skydoo.com.pl\/#organization\"},\"potentialAction\":[{\"@type\":\"SearchAction\",\"target\":{\"@type\":\"EntryPoint\",\"urlTemplate\":\"https:\/\/gazowa.skydoo.com.pl\/?s={search_term_string}\"},\"query-input\":{\"@type\":\"PropertyValueSpecification\",\"valueRequired\":true,\"valueName\":\"search_term_string\"}}],\"inLanguage\":\"pl-PL\"},{\"@type\":\"Organization\",\"@id\":\"https:\/\/gazowa.skydoo.com.pl\/#organization\",\"name\":\"Gazowa Sierajewski\",\"url\":\"https:\/\/gazowa.skydoo.com.pl\/\",\"logo\":{\"@type\":\"ImageObject\",\"inLanguage\":\"pl-PL\",\"@id\":\"https:\/\/gazowa.skydoo.com.pl\/#\/schema\/logo\/image\/\",\"url\":\"https:\/\/gazowa.skydoo.com.pl\/wp-content\/uploads\/2023\/07\/image-9.png\",\"contentUrl\":\"https:\/\/gazowa.skydoo.com.pl\/wp-content\/uploads\/2023\/07\/image-9.png\",\"width\":193,\"height\":88,\"caption\":\"Gazowa Sierajewski\"},\"image\":{\"@id\":\"https:\/\/gazowa.skydoo.com.pl\/#\/schema\/logo\/image\/\"}}]}<\/script>\n<!-- \/ Yoast SEO plugin. -->","yoast_head_json":{"title":"Oferta dla Deweloper\u00f3w - Gazowa Sierajewski","robots":{"index":"noindex","follow":"follow","max-snippet":"max-snippet:-1","max-image-preview":"max-image-preview:large","max-video-preview":"max-video-preview:-1"},"og_locale":"pl_PL","og_type":"article","og_title":"Oferta dla Deweloper\u00f3w - Gazowa Sierajewski","og_description":"Oferta dla Deweloper\u00f3w Instalacja gazowa jest niezwykle wa\u017cna. Jej projekt instalacji gazowej musi by\u0107 wykonany przez osob\u0119 z odpowiednimi uprawnieniami, a tak\u017ce by\u0107 zgodny z wymaganiami stawianymi przez dostawc\u0119 gazu. St\u0105d te\u017c tak wa\u017cne jest, by realizacj\u0119 projektu zleci\u0107 najlepszym. Nasza firma od lat specjalizuje si\u0119 w doprowadzaniu gazu do budynk\u00f3w. Dowiedz si\u0119, dlaczego warto [&hellip;]","og_url":"https:\/\/gazowa.skydoo.com.pl\/?page_id=187","og_site_name":"Gazowa Sierajewski","article_modified_time":"2023-10-09T14:50:47+00:00","twitter_card":"summary_large_image","twitter_misc":{"Szacowany czas czytania":"4 minuty"},"schema":{"@context":"https:\/\/schema.org","@graph":[{"@type":"WebPage","@id":"https:\/\/gazowa.skydoo.com.pl\/?page_id=187","url":"https:\/\/gazowa.skydoo.com.pl\/?page_id=187","name":"Oferta dla Deweloper\u00f3w - Gazowa Sierajewski","isPartOf":{"@id":"https:\/\/gazowa.skydoo.com.pl\/#website"},"datePublished":"2023-07-04T13:32:40+00:00","dateModified":"2023-10-09T14:50:47+00:00","breadcrumb":{"@id":"https:\/\/gazowa.skydoo.com.pl\/?page_id=187#breadcrumb"},"inLanguage":"pl-PL","potentialAction":[{"@type":"ReadAction","target":["https:\/\/gazowa.skydoo.com.pl\/?page_id=187"]}]},{"@type":"BreadcrumbList","@id":"https:\/\/gazowa.skydoo.com.pl\/?page_id=187#breadcrumb","itemListElement":[{"@type":"ListItem","position":1,"name":"Strona g\u0142\u00f3wna","item":"https:\/\/gazowa.skydoo.com.pl\/"},{"@type":"ListItem","position":2,"name":"Oferta dla Deweloper\u00f3w"}]},{"@type":"WebSite","@id":"https:\/\/gazowa.skydoo.com.pl\/#website","url":"https:\/\/gazowa.skydoo.com.pl\/","name":"Gazowa Sierajewski","description":"","publisher":{"@id":"https:\/\/gazowa.skydoo.com.pl\/#organization"},"potentialAction":[{"@type":"SearchAction","target":{"@type":"EntryPoint","urlTemplate":"https:\/\/gazowa.skydoo.com.pl\/?s={search_term_string}"},"query-input":{"@type":"PropertyValueSpecification","valueRequired":true,"valueName":"search_term_string"}}],"inLanguage":"pl-PL"},{"@type":"Organization","@id":"https:\/\/gazowa.skydoo.com.pl\/#organization","name":"Gazowa Sierajewski","url":"https:\/\/gazowa.skydoo.com.pl\/","logo":{"@type":"ImageObject","inLanguage":"pl-PL","@id":"https:\/\/gazowa.skydoo.com.pl\/#\/schema\/logo\/image\/","url":"https:\/\/gazowa.skydoo.com.pl\/wp-content\/uploads\/2023\/07\/image-9.png","contentUrl":"https:\/\/gazowa.skydoo.com.pl\/wp-content\/uploads\/2023\/07\/image-9.png","width":193,"height":88,"caption":"Gazowa Sierajewski"},"image":{"@id":"https:\/\/gazowa.skydoo.com.pl\/#\/schema\/logo\/image\/"}}]}},"_links":{"self":[{"href":"https:\/\/gazowa.skydoo.com.pl\/index.php?rest_route=\/wp\/v2\/pages\/187","targetHints":{"allow":["GET"]}}],"collection":[{"href":"https:\/\/gazowa.skydoo.com.pl\/index.php?rest_route=\/wp\/v2\/pages"}],"about":[{"href":"https:\/\/gazowa.skydoo.com.pl\/index.php?rest_route=\/wp\/v2\/types\/page"}],"author":[{"embeddable":true,"href":"https:\/\/gazowa.skydoo.com.pl\/index.php?rest_route=\/wp\/v2\/users\/1"}],"replies":[{"embeddable":true,"href":"https:\/\/gazowa.skydoo.com.pl\/index.php?rest_route=%2Fwp%2Fv2%2Fcomments&post=187"}],"version-history":[{"count":10,"href":"https:\/\/gazowa.skydoo.com.pl\/index.php?rest_route=\/wp\/v2\/pages\/187\/revisions"}],"predecessor-version":[{"id":281,"href":"https:\/\/gazowa.skydoo.com.pl\/index.php?rest_route=\/wp\/v2\/pages\/187\/revisions\/281"}],"wp:attachment":[{"href":"https:\/\/gazowa.skydoo.com.pl\/index.php?rest_route=%2Fwp%2Fv2%2Fmedia&parent=187"}],"curies":[{"name":"wp","href":"https:\/\/api.w.org\/{rel}","templated":true}]}}