{"id":132,"date":"2023-07-04T10:49:15","date_gmt":"2023-07-04T10:49:15","guid":{"rendered":"https:\/\/gazowa.skydoo.com.pl\/?page_id=132"},"modified":"2023-10-09T14:49:55","modified_gmt":"2023-10-09T14:49:55","slug":"o-nas","status":"publish","type":"page","link":"https:\/\/gazowa.skydoo.com.pl\/?page_id=132","title":{"rendered":"O nas"},"content":{"rendered":"\t\t<div data-elementor-type=\"wp-page\" data-elementor-id=\"132\" class=\"elementor elementor-132\" data-elementor-post-type=\"page\">\n\t\t\t\t<div class=\"elementor-element elementor-element-e9d22c6 e-flex e-con-boxed e-con e-parent\" data-id=\"e9d22c6\" data-element_type=\"container\" data-settings=\"{&quot;background_background&quot;:&quot;classic&quot;}\">\n\t\t\t\t\t<div class=\"e-con-inner\">\n\t\t\t\t<div class=\"elementor-element elementor-element-24919e7 elementor-widget elementor-widget-heading\" data-id=\"24919e7\" data-element_type=\"widget\" data-widget_type=\"heading.default\">\n\t\t\t\t<div class=\"elementor-widget-container\">\n\t\t\t\t\t<h2 class=\"elementor-heading-title elementor-size-default\">Od 1985 roku budujemy sieci, przy\u0142\u0105cza <br> oraz instalacje gazowe<\/h2>\t\t\t\t<\/div>\n\t\t\t\t<\/div>\n\t\t\t\t\t<\/div>\n\t\t\t\t<\/div>\n\t\t<div class=\"elementor-element elementor-element-89c3c50 e-flex e-con-boxed e-con e-parent\" data-id=\"89c3c50\" data-element_type=\"container\">\n\t\t\t\t\t<div class=\"e-con-inner\">\n\t\t<div class=\"elementor-element elementor-element-8d02818 e-con-full e-flex e-con e-child\" data-id=\"8d02818\" data-element_type=\"container\">\n\t\t\t\t<div class=\"elementor-element elementor-element-82b0df4 elementor-widget elementor-widget-heading\" data-id=\"82b0df4\" data-element_type=\"widget\" data-widget_type=\"heading.default\">\n\t\t\t\t<div class=\"elementor-widget-container\">\n\t\t\t\t\t<h2 class=\"elementor-heading-title elementor-size-default\">W 2012 roku firma przesz\u0142a restrukturyzacj\u0119 zmieniaj\u0105c form\u0119 prawn\u0105 i przekszta\u0142caj\u0105c si\u0119 w sp\u00f3\u0142k\u0119 prawa handlowego, dzia\u0142aj\u0105c\u0105 pod nazw\u0105: Gazowa  Sp. z o.o.<\/h2>\t\t\t\t<\/div>\n\t\t\t\t<\/div>\n\t\t\t\t<div class=\"elementor-element elementor-element-5b6cd4a elementor-widget elementor-widget-heading\" data-id=\"5b6cd4a\" data-element_type=\"widget\" data-widget_type=\"heading.default\">\n\t\t\t\t<div class=\"elementor-widget-container\">\n\t\t\t\t\t<h2 class=\"elementor-heading-title elementor-size-default\">Dlaczego warto korzysta\u0107 \nz naszych us\u0142ug<\/h2>\t\t\t\t<\/div>\n\t\t\t\t<\/div>\n\t\t\t\t<div class=\"elementor-element elementor-element-9cd944e elementor-widget__width-inherit elementor-widget elementor-widget-text-editor\" data-id=\"9cd944e\" data-element_type=\"widget\" data-widget_type=\"text-editor.default\">\n\t\t\t\t<div class=\"elementor-widget-container\">\n\t\t\t\t\t\t\t\t\t<p>Od lat skutecznie doprowadzamy gaz do osiedli, instytucji i dom\u00f3w jednorodzinnych. \u015awiadczymy w tym zakresie kompleksowe us\u0142ugi od projektu do wykonania. Na \u017cyczenie przeprowadzamy tak\u017ce nadz\u00f3r inwestycyjny.<br \/>Na rynku us\u0142ug instalacji gazowych jeste\u015bmy znanym i rozpoznawalnym przedsi\u0119biorstwem.Naszym najbardziej znacz\u0105cym partnerem jest Mazowiecka Sp\u00f3\u0142ka Gazownictwa.Nasi do\u015bwiadczeni pracownicy poradz\u0105 sobie w sytuacjach, w kt\u00f3rych ko\u0144cz\u0105 si\u0119 standardowe rozwi\u0105zania. Dla Pa\u0144stwa wygody dysponujemy w\u0142asnym zapleczem logistycznym oraz specjalistycznym i nowoczesnym sprz\u0119tem.<\/p>\t\t\t\t\t\t\t\t<\/div>\n\t\t\t\t<\/div>\n\t\t\t\t<\/div>\n\t\t<div class=\"elementor-element elementor-element-78dd5cf e-con-full e-flex e-con e-child\" data-id=\"78dd5cf\" data-element_type=\"container\">\n\t\t\t\t<div class=\"elementor-element elementor-element-fee49e9 elementor-widget elementor-widget-image\" data-id=\"fee49e9\" data-element_type=\"widget\" data-widget_type=\"image.default\">\n\t\t\t\t<div class=\"elementor-widget-container\">\n\t\t\t\t\t\t\t\t\t\t\t\t\t\t\t<img fetchpriority=\"high\" decoding=\"async\" width=\"756\" height=\"541\" src=\"https:\/\/gazowa.skydoo.com.pl\/wp-content\/uploads\/2023\/07\/Group-60.png\" class=\"attachment-large size-large wp-image-138\" alt=\"\" srcset=\"https:\/\/gazowa.skydoo.com.pl\/wp-content\/uploads\/2023\/07\/Group-60.png 756w, https:\/\/gazowa.skydoo.com.pl\/wp-content\/uploads\/2023\/07\/Group-60-300x215.png 300w\" sizes=\"(max-width: 756px) 100vw, 756px\" \/>\t\t\t\t\t\t\t\t\t\t\t\t\t\t\t<\/div>\n\t\t\t\t<\/div>\n\t\t\t\t<\/div>\n\t\t\t\t\t<\/div>\n\t\t\t\t<\/div>\n\t\t<div class=\"elementor-element elementor-element-c21e5de e-flex e-con-boxed e-con e-parent\" data-id=\"c21e5de\" data-element_type=\"container\">\n\t\t\t\t\t<div class=\"e-con-inner\">\n\t\t\t\t<div class=\"elementor-element elementor-element-fdaebf1 elementor-widget elementor-widget-heading\" data-id=\"fdaebf1\" data-element_type=\"widget\" data-widget_type=\"heading.default\">\n\t\t\t\t<div class=\"elementor-widget-container\">\n\t\t\t\t\t<h2 class=\"elementor-heading-title elementor-size-default\">Zach\u0119amy do poznania naszych mo\u017cliwo\u015bci <br>oraz sprawdzenia naszej oferty.<\/h2>\t\t\t\t<\/div>\n\t\t\t\t<\/div>\n\t\t\t\t\t<\/div>\n\t\t\t\t<\/div>\n\t\t<div class=\"elementor-element elementor-element-b505a24 e-flex e-con-boxed e-con e-parent\" data-id=\"b505a24\" data-element_type=\"container\">\n\t\t\t\t\t<div class=\"e-con-inner\">\n\t\t\t\t<div class=\"elementor-element elementor-element-2cc0c7f elementor-widget__width-initial link-title elementor-widget elementor-widget-heading\" data-id=\"2cc0c7f\" data-element_type=\"widget\" data-widget_type=\"heading.default\">\n\t\t\t\t<div class=\"elementor-widget-container\">\n\t\t\t\t\t<h2 class=\"elementor-heading-title elementor-size-default\">Certyfikaty<\/h2>\t\t\t\t<\/div>\n\t\t\t\t<\/div>\n\t\t\t\t<div class=\"elementor-element elementor-element-8c7806a elementor-widget__width-initial link-title elementor-widget elementor-widget-heading\" data-id=\"8c7806a\" data-element_type=\"widget\" data-widget_type=\"heading.default\">\n\t\t\t\t<div class=\"elementor-widget-container\">\n\t\t\t\t\t<h2 class=\"elementor-heading-title elementor-size-default\">Oferta \ndla Deweloper\u00f3w<\/h2>\t\t\t\t<\/div>\n\t\t\t\t<\/div>\n\t\t\t\t<div class=\"elementor-element elementor-element-1545d52 elementor-widget__width-initial link-title elementor-widget elementor-widget-heading\" data-id=\"1545d52\" data-element_type=\"widget\" data-widget_type=\"heading.default\">\n\t\t\t\t<div class=\"elementor-widget-container\">\n\t\t\t\t\t<h2 class=\"elementor-heading-title elementor-size-default\">Oferta \ndla domu<\/h2>\t\t\t\t<\/div>\n\t\t\t\t<\/div>\n\t\t\t\t<div class=\"elementor-element elementor-element-b780260 elementor-widget__width-initial link-title elementor-widget elementor-widget-heading\" data-id=\"b780260\" data-element_type=\"widget\" data-widget_type=\"heading.default\">\n\t\t\t\t<div class=\"elementor-widget-container\">\n\t\t\t\t\t<h2 class=\"elementor-heading-title elementor-size-default\">Us\u0142ugi <br>\nspecjalistyczne<\/h2>\t\t\t\t<\/div>\n\t\t\t\t<\/div>\n\t\t\t\t<div class=\"elementor-element elementor-element-1b1b99a elementor-widget__width-initial link-title elementor-widget elementor-widget-heading\" data-id=\"1b1b99a\" data-element_type=\"widget\" data-widget_type=\"heading.default\">\n\t\t\t\t<div class=\"elementor-widget-container\">\n\t\t\t\t\t<h2 class=\"elementor-heading-title elementor-size-default\">Jak pracujemy<\/h2>\t\t\t\t<\/div>\n\t\t\t\t<\/div>\n\t\t\t\t\t<\/div>\n\t\t\t\t<\/div>\n\t\t\t\t<\/div>\n\t\t","protected":false},"excerpt":{"rendered":"<p>Od 1985 roku budujemy sieci, przy\u0142\u0105cza oraz instalacje gazowe W 2012 roku firma przesz\u0142a restrukturyzacj\u0119 zmieniaj\u0105c form\u0119 prawn\u0105 i przekszta\u0142caj\u0105c si\u0119 w sp\u00f3\u0142k\u0119 prawa handlowego, dzia\u0142aj\u0105c\u0105 pod nazw\u0105: Gazowa Sp. z o.o. Dlaczego warto korzysta\u0107 z naszych us\u0142ug Od lat skutecznie doprowadzamy gaz do osiedli, instytucji i dom\u00f3w jednorodzinnych. \u015awiadczymy w tym zakresie kompleksowe us\u0142ugi [&hellip;]<\/p>\n","protected":false},"author":1,"featured_media":0,"parent":0,"menu_order":0,"comment_status":"closed","ping_status":"closed","template":"elementor_header_footer","meta":{"footnotes":""},"class_list":["post-132","page","type-page","status-publish","hentry"],"yoast_head":"<!-- This site is optimized with the Yoast SEO plugin v25.4 - https:\/\/yoast.com\/wordpress\/plugins\/seo\/ -->\n<title>O nas - Gazowa Sierajewski<\/title>\n<meta name=\"robots\" content=\"noindex, follow, max-snippet:-1, max-image-preview:large, max-video-preview:-1\" \/>\n<meta property=\"og:locale\" content=\"pl_PL\" \/>\n<meta property=\"og:type\" content=\"article\" \/>\n<meta property=\"og:title\" content=\"O nas - Gazowa Sierajewski\" \/>\n<meta property=\"og:description\" content=\"Od 1985 roku budujemy sieci, przy\u0142\u0105cza oraz instalacje gazowe W 2012 roku firma przesz\u0142a restrukturyzacj\u0119 zmieniaj\u0105c form\u0119 prawn\u0105 i przekszta\u0142caj\u0105c si\u0119 w sp\u00f3\u0142k\u0119 prawa handlowego, dzia\u0142aj\u0105c\u0105 pod nazw\u0105: Gazowa Sp. z o.o. Dlaczego warto korzysta\u0107 z naszych us\u0142ug Od lat skutecznie doprowadzamy gaz do osiedli, instytucji i dom\u00f3w jednorodzinnych. \u015awiadczymy w tym zakresie kompleksowe us\u0142ugi [&hellip;]\" \/>\n<meta property=\"og:url\" content=\"https:\/\/gazowa.skydoo.com.pl\/?page_id=132\" \/>\n<meta property=\"og:site_name\" content=\"Gazowa Sierajewski\" \/>\n<meta property=\"article:modified_time\" content=\"2023-10-09T14:49:55+00:00\" \/>\n<meta property=\"og:image\" content=\"https:\/\/gazowa.skydoo.com.pl\/wp-content\/uploads\/2023\/07\/Group-60.png\" \/>\n<meta name=\"twitter:card\" content=\"summary_large_image\" \/>\n<meta name=\"twitter:label1\" content=\"Szacowany czas czytania\" \/>\n\t<meta name=\"twitter:data1\" content=\"1 minuta\" \/>\n<script type=\"application\/ld+json\" class=\"yoast-schema-graph\">{\"@context\":\"https:\/\/schema.org\",\"@graph\":[{\"@type\":\"WebPage\",\"@id\":\"https:\/\/gazowa.skydoo.com.pl\/?page_id=132\",\"url\":\"https:\/\/gazowa.skydoo.com.pl\/?page_id=132\",\"name\":\"O nas - Gazowa Sierajewski\",\"isPartOf\":{\"@id\":\"https:\/\/gazowa.skydoo.com.pl\/#website\"},\"primaryImageOfPage\":{\"@id\":\"https:\/\/gazowa.skydoo.com.pl\/?page_id=132#primaryimage\"},\"image\":{\"@id\":\"https:\/\/gazowa.skydoo.com.pl\/?page_id=132#primaryimage\"},\"thumbnailUrl\":\"https:\/\/gazowa.skydoo.com.pl\/wp-content\/uploads\/2023\/07\/Group-60.png\",\"datePublished\":\"2023-07-04T10:49:15+00:00\",\"dateModified\":\"2023-10-09T14:49:55+00:00\",\"breadcrumb\":{\"@id\":\"https:\/\/gazowa.skydoo.com.pl\/?page_id=132#breadcrumb\"},\"inLanguage\":\"pl-PL\",\"potentialAction\":[{\"@type\":\"ReadAction\",\"target\":[\"https:\/\/gazowa.skydoo.com.pl\/?page_id=132\"]}]},{\"@type\":\"ImageObject\",\"inLanguage\":\"pl-PL\",\"@id\":\"https:\/\/gazowa.skydoo.com.pl\/?page_id=132#primaryimage\",\"url\":\"https:\/\/gazowa.skydoo.com.pl\/wp-content\/uploads\/2023\/07\/Group-60.png\",\"contentUrl\":\"https:\/\/gazowa.skydoo.com.pl\/wp-content\/uploads\/2023\/07\/Group-60.png\",\"width\":756,\"height\":541},{\"@type\":\"BreadcrumbList\",\"@id\":\"https:\/\/gazowa.skydoo.com.pl\/?page_id=132#breadcrumb\",\"itemListElement\":[{\"@type\":\"ListItem\",\"position\":1,\"name\":\"Strona g\u0142\u00f3wna\",\"item\":\"https:\/\/gazowa.skydoo.com.pl\/\"},{\"@type\":\"ListItem\",\"position\":2,\"name\":\"O nas\"}]},{\"@type\":\"WebSite\",\"@id\":\"https:\/\/gazowa.skydoo.com.pl\/#website\",\"url\":\"https:\/\/gazowa.skydoo.com.pl\/\",\"name\":\"Gazowa Sierajewski\",\"description\":\"\",\"publisher\":{\"@id\":\"https:\/\/gazowa.skydoo.com.pl\/#organization\"},\"potentialAction\":[{\"@type\":\"SearchAction\",\"target\":{\"@type\":\"EntryPoint\",\"urlTemplate\":\"https:\/\/gazowa.skydoo.com.pl\/?s={search_term_string}\"},\"query-input\":{\"@type\":\"PropertyValueSpecification\",\"valueRequired\":true,\"valueName\":\"search_term_string\"}}],\"inLanguage\":\"pl-PL\"},{\"@type\":\"Organization\",\"@id\":\"https:\/\/gazowa.skydoo.com.pl\/#organization\",\"name\":\"Gazowa Sierajewski\",\"url\":\"https:\/\/gazowa.skydoo.com.pl\/\",\"logo\":{\"@type\":\"ImageObject\",\"inLanguage\":\"pl-PL\",\"@id\":\"https:\/\/gazowa.skydoo.com.pl\/#\/schema\/logo\/image\/\",\"url\":\"https:\/\/gazowa.skydoo.com.pl\/wp-content\/uploads\/2023\/07\/image-9.png\",\"contentUrl\":\"https:\/\/gazowa.skydoo.com.pl\/wp-content\/uploads\/2023\/07\/image-9.png\",\"width\":193,\"height\":88,\"caption\":\"Gazowa Sierajewski\"},\"image\":{\"@id\":\"https:\/\/gazowa.skydoo.com.pl\/#\/schema\/logo\/image\/\"}}]}<\/script>\n<!-- \/ Yoast SEO plugin. -->","yoast_head_json":{"title":"O nas - Gazowa Sierajewski","robots":{"index":"noindex","follow":"follow","max-snippet":"max-snippet:-1","max-image-preview":"max-image-preview:large","max-video-preview":"max-video-preview:-1"},"og_locale":"pl_PL","og_type":"article","og_title":"O nas - Gazowa Sierajewski","og_description":"Od 1985 roku budujemy sieci, przy\u0142\u0105cza oraz instalacje gazowe W 2012 roku firma przesz\u0142a restrukturyzacj\u0119 zmieniaj\u0105c form\u0119 prawn\u0105 i przekszta\u0142caj\u0105c si\u0119 w sp\u00f3\u0142k\u0119 prawa handlowego, dzia\u0142aj\u0105c\u0105 pod nazw\u0105: Gazowa Sp. z o.o. Dlaczego warto korzysta\u0107 z naszych us\u0142ug Od lat skutecznie doprowadzamy gaz do osiedli, instytucji i dom\u00f3w jednorodzinnych. \u015awiadczymy w tym zakresie kompleksowe us\u0142ugi [&hellip;]","og_url":"https:\/\/gazowa.skydoo.com.pl\/?page_id=132","og_site_name":"Gazowa Sierajewski","article_modified_time":"2023-10-09T14:49:55+00:00","og_image":[{"url":"https:\/\/gazowa.skydoo.com.pl\/wp-content\/uploads\/2023\/07\/Group-60.png","type":"","width":"","height":""}],"twitter_card":"summary_large_image","twitter_misc":{"Szacowany czas czytania":"1 minuta"},"schema":{"@context":"https:\/\/schema.org","@graph":[{"@type":"WebPage","@id":"https:\/\/gazowa.skydoo.com.pl\/?page_id=132","url":"https:\/\/gazowa.skydoo.com.pl\/?page_id=132","name":"O nas - Gazowa Sierajewski","isPartOf":{"@id":"https:\/\/gazowa.skydoo.com.pl\/#website"},"primaryImageOfPage":{"@id":"https:\/\/gazowa.skydoo.com.pl\/?page_id=132#primaryimage"},"image":{"@id":"https:\/\/gazowa.skydoo.com.pl\/?page_id=132#primaryimage"},"thumbnailUrl":"https:\/\/gazowa.skydoo.com.pl\/wp-content\/uploads\/2023\/07\/Group-60.png","datePublished":"2023-07-04T10:49:15+00:00","dateModified":"2023-10-09T14:49:55+00:00","breadcrumb":{"@id":"https:\/\/gazowa.skydoo.com.pl\/?page_id=132#breadcrumb"},"inLanguage":"pl-PL","potentialAction":[{"@type":"ReadAction","target":["https:\/\/gazowa.skydoo.com.pl\/?page_id=132"]}]},{"@type":"ImageObject","inLanguage":"pl-PL","@id":"https:\/\/gazowa.skydoo.com.pl\/?page_id=132#primaryimage","url":"https:\/\/gazowa.skydoo.com.pl\/wp-content\/uploads\/2023\/07\/Group-60.png","contentUrl":"https:\/\/gazowa.skydoo.com.pl\/wp-content\/uploads\/2023\/07\/Group-60.png","width":756,"height":541},{"@type":"BreadcrumbList","@id":"https:\/\/gazowa.skydoo.com.pl\/?page_id=132#breadcrumb","itemListElement":[{"@type":"ListItem","position":1,"name":"Strona g\u0142\u00f3wna","item":"https:\/\/gazowa.skydoo.com.pl\/"},{"@type":"ListItem","position":2,"name":"O nas"}]},{"@type":"WebSite","@id":"https:\/\/gazowa.skydoo.com.pl\/#website","url":"https:\/\/gazowa.skydoo.com.pl\/","name":"Gazowa Sierajewski","description":"","publisher":{"@id":"https:\/\/gazowa.skydoo.com.pl\/#organization"},"potentialAction":[{"@type":"SearchAction","target":{"@type":"EntryPoint","urlTemplate":"https:\/\/gazowa.skydoo.com.pl\/?s={search_term_string}"},"query-input":{"@type":"PropertyValueSpecification","valueRequired":true,"valueName":"search_term_string"}}],"inLanguage":"pl-PL"},{"@type":"Organization","@id":"https:\/\/gazowa.skydoo.com.pl\/#organization","name":"Gazowa Sierajewski","url":"https:\/\/gazowa.skydoo.com.pl\/","logo":{"@type":"ImageObject","inLanguage":"pl-PL","@id":"https:\/\/gazowa.skydoo.com.pl\/#\/schema\/logo\/image\/","url":"https:\/\/gazowa.skydoo.com.pl\/wp-content\/uploads\/2023\/07\/image-9.png","contentUrl":"https:\/\/gazowa.skydoo.com.pl\/wp-content\/uploads\/2023\/07\/image-9.png","width":193,"height":88,"caption":"Gazowa Sierajewski"},"image":{"@id":"https:\/\/gazowa.skydoo.com.pl\/#\/schema\/logo\/image\/"}}]}},"_links":{"self":[{"href":"https:\/\/gazowa.skydoo.com.pl\/index.php?rest_route=\/wp\/v2\/pages\/132","targetHints":{"allow":["GET"]}}],"collection":[{"href":"https:\/\/gazowa.skydoo.com.pl\/index.php?rest_route=\/wp\/v2\/pages"}],"about":[{"href":"https:\/\/gazowa.skydoo.com.pl\/index.php?rest_route=\/wp\/v2\/types\/page"}],"author":[{"embeddable":true,"href":"https:\/\/gazowa.skydoo.com.pl\/index.php?rest_route=\/wp\/v2\/users\/1"}],"replies":[{"embeddable":true,"href":"https:\/\/gazowa.skydoo.com.pl\/index.php?rest_route=%2Fwp%2Fv2%2Fcomments&post=132"}],"version-history":[{"count":22,"href":"https:\/\/gazowa.skydoo.com.pl\/index.php?rest_route=\/wp\/v2\/pages\/132\/revisions"}],"predecessor-version":[{"id":278,"href":"https:\/\/gazowa.skydoo.com.pl\/index.php?rest_route=\/wp\/v2\/pages\/132\/revisions\/278"}],"wp:attachment":[{"href":"https:\/\/gazowa.skydoo.com.pl\/index.php?rest_route=%2Fwp%2Fv2%2Fmedia&parent=132"}],"curies":[{"name":"wp","href":"https:\/\/api.w.org\/{rel}","templated":true}]}}